{"id":3160,"date":"2022-01-28T19:24:04","date_gmt":"2022-01-28T18:24:04","guid":{"rendered":"https:\/\/artphotonics.com\/product\/kombinierer-und-splitter\/"},"modified":"2023-05-02T13:00:46","modified_gmt":"2023-05-02T11:00:46","slug":"kombinierer-und-splitter","status":"publish","type":"product","link":"https:\/\/artphotonics.com\/de\/produkt\/kombinierer-und-splitter\/","title":{"rendered":"Kombinierer und Splitter"},"content":{"rendered":"","protected":false},"excerpt":{"rendered":"<p><span style=\"font-size: 18pt;\"><strong>Eigenschaften:<\/strong><\/span><\/p>\n<ul>\n<li>Kombination von Licht aus mehreren Quellen<\/li>\n<li>Aufteilung des Lichts von der Lichtquelle in mehrere Kan\u00e4le<\/li>\n<li>Umformung des Querschnitts des Lichtstrahls<\/li>\n<li>Multispektrale Faserb\u00fcndel f\u00fcr den breiten Spektralbereich von 0,2 bis 18\u00b5m<\/li>\n<li>Kundenspezifische Faseranordnung<\/li>\n<li>Standard- oder kundenspezifische Anschl\u00fcsse und Aderendh\u00fclsen<\/li>\n<\/ul>\n","protected":false},"featured_media":1772,"template":"","meta":[],"product_brand":[],"product_cat":[74,100],"product_tag":[79,76,77,78],"class_list":{"0":"post-3160","1":"product","2":"type-product","3":"status-publish","4":"has-post-thumbnail","6":"product_cat-flexiray-de","7":"product_cat-optische-faserbundel","8":"product_tag-mid-ir-de","9":"product_tag-near-ir-de","10":"product_tag-uv-de","11":"product_tag-visible-de","13":"first","14":"instock","15":"shipping-taxable","16":"product-type-simple"},"yoast_head":"<!-- This site is optimized with the Yoast SEO plugin v26.1.1 - https:\/\/yoast.com\/wordpress\/plugins\/seo\/ -->\n<title>Kombinierer und Splitter - art photonics<\/title>\n<meta name=\"robots\" content=\"index, follow, max-snippet:-1, max-image-preview:large, max-video-preview:-1\" \/>\n<link rel=\"canonical\" href=\"https:\/\/artphotonics.com\/de\/produkt\/kombinierer-und-splitter\/\" \/>\n<meta property=\"og:locale\" content=\"de_DE\" \/>\n<meta property=\"og:type\" content=\"article\" \/>\n<meta property=\"og:title\" content=\"Kombinierer und Splitter - art photonics\" \/>\n<meta property=\"og:description\" content=\"Eigenschaften:   Kombination von Licht aus mehreren Quellen  Aufteilung des Lichts von der Lichtquelle in mehrere Kan\u00e4le  Umformung des Querschnitts des Lichtstrahls  Multispektrale Faserb\u00fcndel f\u00fcr den breiten Spektralbereich von 0,2 bis 18\u00b5m  Kundenspezifische Faseranordnung  Standard- oder kundenspezifische Anschl\u00fcsse und Aderendh\u00fclsen\" \/>\n<meta property=\"og:url\" content=\"https:\/\/artphotonics.com\/de\/produkt\/kombinierer-und-splitter\/\" \/>\n<meta property=\"og:site_name\" content=\"art photonics\" \/>\n<meta property=\"article:modified_time\" content=\"2023-05-02T11:00:46+00:00\" \/>\n<meta property=\"og:image\" content=\"https:\/\/artphotonics.com\/wp-content\/uploads\/2021\/10\/UV-VIS-NIR_bundle_2.jpg\" \/>\n\t<meta property=\"og:image:width\" content=\"1200\" \/>\n\t<meta property=\"og:image:height\" content=\"1200\" \/>\n\t<meta property=\"og:image:type\" content=\"image\/jpeg\" \/>\n<meta name=\"twitter:card\" content=\"summary_large_image\" \/>\n<script type=\"application\/ld+json\" class=\"yoast-schema-graph\">{\"@context\":\"https:\/\/schema.org\",\"@graph\":[{\"@type\":\"WebPage\",\"@id\":\"https:\/\/artphotonics.com\/de\/produkt\/kombinierer-und-splitter\/\",\"url\":\"https:\/\/artphotonics.com\/de\/produkt\/kombinierer-und-splitter\/\",\"name\":\"Kombinierer und Splitter - art photonics\",\"isPartOf\":{\"@id\":\"https:\/\/artphotonics.com\/de\/#website\"},\"primaryImageOfPage\":{\"@id\":\"https:\/\/artphotonics.com\/de\/produkt\/kombinierer-und-splitter\/#primaryimage\"},\"image\":{\"@id\":\"https:\/\/artphotonics.com\/de\/produkt\/kombinierer-und-splitter\/#primaryimage\"},\"thumbnailUrl\":\"https:\/\/artphotonics.com\/wp-content\/uploads\/2021\/10\/UV-VIS-NIR_bundle_2.jpg\",\"datePublished\":\"2022-01-28T18:24:04+00:00\",\"dateModified\":\"2023-05-02T11:00:46+00:00\",\"breadcrumb\":{\"@id\":\"https:\/\/artphotonics.com\/de\/produkt\/kombinierer-und-splitter\/#breadcrumb\"},\"inLanguage\":\"de\",\"potentialAction\":[{\"@type\":\"ReadAction\",\"target\":[\"https:\/\/artphotonics.com\/de\/produkt\/kombinierer-und-splitter\/\"]}]},{\"@type\":\"ImageObject\",\"inLanguage\":\"de\",\"@id\":\"https:\/\/artphotonics.com\/de\/produkt\/kombinierer-und-splitter\/#primaryimage\",\"url\":\"https:\/\/artphotonics.com\/wp-content\/uploads\/2021\/10\/UV-VIS-NIR_bundle_2.jpg\",\"contentUrl\":\"https:\/\/artphotonics.com\/wp-content\/uploads\/2021\/10\/UV-VIS-NIR_bundle_2.jpg\",\"width\":1200,\"height\":1200},{\"@type\":\"BreadcrumbList\",\"@id\":\"https:\/\/artphotonics.com\/de\/produkt\/kombinierer-und-splitter\/#breadcrumb\",\"itemListElement\":[{\"@type\":\"ListItem\",\"position\":1,\"name\":\"Home\",\"item\":\"https:\/\/artphotonics.com\/de\/\"},{\"@type\":\"ListItem\",\"position\":2,\"name\":\"Produkte\",\"item\":\"https:\/\/artphotonics.com\/de\/produkte\/\"},{\"@type\":\"ListItem\",\"position\":3,\"name\":\"Kombinierer und Splitter\"}]},{\"@type\":\"WebSite\",\"@id\":\"https:\/\/artphotonics.com\/de\/#website\",\"url\":\"https:\/\/artphotonics.com\/de\/\",\"name\":\"art photonics\",\"description\":\"Worldwide Leader in Custom Fiber Products\",\"publisher\":{\"@id\":\"https:\/\/artphotonics.com\/de\/#organization\"},\"potentialAction\":[{\"@type\":\"SearchAction\",\"target\":{\"@type\":\"EntryPoint\",\"urlTemplate\":\"https:\/\/artphotonics.com\/de\/?s={search_term_string}\"},\"query-input\":{\"@type\":\"PropertyValueSpecification\",\"valueRequired\":true,\"valueName\":\"search_term_string\"}}],\"inLanguage\":\"de\"},{\"@type\":\"Organization\",\"@id\":\"https:\/\/artphotonics.com\/de\/#organization\",\"name\":\"art photonics GmbH\",\"url\":\"https:\/\/artphotonics.com\/de\/\",\"logo\":{\"@type\":\"ImageObject\",\"inLanguage\":\"de\",\"@id\":\"https:\/\/artphotonics.com\/de\/#\/schema\/logo\/image\/\",\"url\":\"https:\/\/artphotonics.com\/wp-content\/uploads\/2021\/03\/Art_photonics_logo_color.svg\",\"contentUrl\":\"https:\/\/artphotonics.com\/wp-content\/uploads\/2021\/03\/Art_photonics_logo_color.svg\",\"width\":582,\"height\":148,\"caption\":\"art photonics GmbH\"},\"image\":{\"@id\":\"https:\/\/artphotonics.com\/de\/#\/schema\/logo\/image\/\"}}]}<\/script>\n<!-- \/ Yoast SEO plugin. -->","yoast_head_json":{"title":"Kombinierer und Splitter - art photonics","robots":{"index":"index","follow":"follow","max-snippet":"max-snippet:-1","max-image-preview":"max-image-preview:large","max-video-preview":"max-video-preview:-1"},"canonical":"https:\/\/artphotonics.com\/de\/produkt\/kombinierer-und-splitter\/","og_locale":"de_DE","og_type":"article","og_title":"Kombinierer und Splitter - art photonics","og_description":"Eigenschaften:   Kombination von Licht aus mehreren Quellen  Aufteilung des Lichts von der Lichtquelle in mehrere Kan\u00e4le  Umformung des Querschnitts des Lichtstrahls  Multispektrale Faserb\u00fcndel f\u00fcr den breiten Spektralbereich von 0,2 bis 18\u00b5m  Kundenspezifische Faseranordnung  Standard- oder kundenspezifische Anschl\u00fcsse und Aderendh\u00fclsen","og_url":"https:\/\/artphotonics.com\/de\/produkt\/kombinierer-und-splitter\/","og_site_name":"art photonics","article_modified_time":"2023-05-02T11:00:46+00:00","og_image":[{"width":1200,"height":1200,"url":"https:\/\/artphotonics.com\/wp-content\/uploads\/2021\/10\/UV-VIS-NIR_bundle_2.jpg","type":"image\/jpeg"}],"twitter_card":"summary_large_image","schema":{"@context":"https:\/\/schema.org","@graph":[{"@type":"WebPage","@id":"https:\/\/artphotonics.com\/de\/produkt\/kombinierer-und-splitter\/","url":"https:\/\/artphotonics.com\/de\/produkt\/kombinierer-und-splitter\/","name":"Kombinierer und Splitter - art photonics","isPartOf":{"@id":"https:\/\/artphotonics.com\/de\/#website"},"primaryImageOfPage":{"@id":"https:\/\/artphotonics.com\/de\/produkt\/kombinierer-und-splitter\/#primaryimage"},"image":{"@id":"https:\/\/artphotonics.com\/de\/produkt\/kombinierer-und-splitter\/#primaryimage"},"thumbnailUrl":"https:\/\/artphotonics.com\/wp-content\/uploads\/2021\/10\/UV-VIS-NIR_bundle_2.jpg","datePublished":"2022-01-28T18:24:04+00:00","dateModified":"2023-05-02T11:00:46+00:00","breadcrumb":{"@id":"https:\/\/artphotonics.com\/de\/produkt\/kombinierer-und-splitter\/#breadcrumb"},"inLanguage":"de","potentialAction":[{"@type":"ReadAction","target":["https:\/\/artphotonics.com\/de\/produkt\/kombinierer-und-splitter\/"]}]},{"@type":"ImageObject","inLanguage":"de","@id":"https:\/\/artphotonics.com\/de\/produkt\/kombinierer-und-splitter\/#primaryimage","url":"https:\/\/artphotonics.com\/wp-content\/uploads\/2021\/10\/UV-VIS-NIR_bundle_2.jpg","contentUrl":"https:\/\/artphotonics.com\/wp-content\/uploads\/2021\/10\/UV-VIS-NIR_bundle_2.jpg","width":1200,"height":1200},{"@type":"BreadcrumbList","@id":"https:\/\/artphotonics.com\/de\/produkt\/kombinierer-und-splitter\/#breadcrumb","itemListElement":[{"@type":"ListItem","position":1,"name":"Home","item":"https:\/\/artphotonics.com\/de\/"},{"@type":"ListItem","position":2,"name":"Produkte","item":"https:\/\/artphotonics.com\/de\/produkte\/"},{"@type":"ListItem","position":3,"name":"Kombinierer und Splitter"}]},{"@type":"WebSite","@id":"https:\/\/artphotonics.com\/de\/#website","url":"https:\/\/artphotonics.com\/de\/","name":"art photonics","description":"Worldwide Leader in Custom Fiber Products","publisher":{"@id":"https:\/\/artphotonics.com\/de\/#organization"},"potentialAction":[{"@type":"SearchAction","target":{"@type":"EntryPoint","urlTemplate":"https:\/\/artphotonics.com\/de\/?s={search_term_string}"},"query-input":{"@type":"PropertyValueSpecification","valueRequired":true,"valueName":"search_term_string"}}],"inLanguage":"de"},{"@type":"Organization","@id":"https:\/\/artphotonics.com\/de\/#organization","name":"art photonics GmbH","url":"https:\/\/artphotonics.com\/de\/","logo":{"@type":"ImageObject","inLanguage":"de","@id":"https:\/\/artphotonics.com\/de\/#\/schema\/logo\/image\/","url":"https:\/\/artphotonics.com\/wp-content\/uploads\/2021\/03\/Art_photonics_logo_color.svg","contentUrl":"https:\/\/artphotonics.com\/wp-content\/uploads\/2021\/03\/Art_photonics_logo_color.svg","width":582,"height":148,"caption":"art photonics GmbH"},"image":{"@id":"https:\/\/artphotonics.com\/de\/#\/schema\/logo\/image\/"}}]}},"_links":{"self":[{"href":"https:\/\/artphotonics.com\/de\/wp-json\/wp\/v2\/product\/3160","targetHints":{"allow":["GET"]}}],"collection":[{"href":"https:\/\/artphotonics.com\/de\/wp-json\/wp\/v2\/product"}],"about":[{"href":"https:\/\/artphotonics.com\/de\/wp-json\/wp\/v2\/types\/product"}],"wp:featuredmedia":[{"embeddable":true,"href":"https:\/\/artphotonics.com\/de\/wp-json\/wp\/v2\/media\/1772"}],"wp:attachment":[{"href":"https:\/\/artphotonics.com\/de\/wp-json\/wp\/v2\/media?parent=3160"}],"wp:term":[{"taxonomy":"product_brand","embeddable":true,"href":"https:\/\/artphotonics.com\/de\/wp-json\/wp\/v2\/product_brand?post=3160"},{"taxonomy":"product_cat","embeddable":true,"href":"https:\/\/artphotonics.com\/de\/wp-json\/wp\/v2\/product_cat?post=3160"},{"taxonomy":"product_tag","embeddable":true,"href":"https:\/\/artphotonics.com\/de\/wp-json\/wp\/v2\/product_tag?post=3160"}],"curies":[{"name":"wp","href":"https:\/\/api.w.org\/{rel}","templated":true}]}}