{"id":3156,"date":"2023-01-18T14:20:07","date_gmt":"2023-01-18T13:20:07","guid":{"rendered":"https:\/\/artphotonics.com\/product\/fluo-atr-kombi-sonde\/"},"modified":"2023-05-02T12:59:17","modified_gmt":"2023-05-02T10:59:17","slug":"fluo-atr-kombi-sonde","status":"publish","type":"product","link":"https:\/\/artphotonics.com\/de\/produkt\/fluo-atr-kombi-sonde\/","title":{"rendered":"Fluo-ATR-Kombi-Sonde"},"content":{"rendered":"","protected":false},"excerpt":{"rendered":"<p><span style=\"font-size: 18pt;\"><strong>Eigenschaften:<\/strong><\/span><\/p>\n<ul>\n<li>Faseroptische Zweikanal-Sonde<\/li>\n<li>Fluo- und ATR-Kan\u00e4le k\u00f6nnen gleichzeitig arbeiten und bieten M\u00f6glichkeiten zur Hybridmodellierung<\/li>\n<li>On-line Fluo- und Mid-IR-Spektroskopie<\/li>\n<li>Kompatibel mit UV\/VIS- und FTIR-Spektrometern<\/li>\n<\/ul>\n","protected":false},"featured_media":5072,"template":"","meta":[],"product_brand":[],"product_cat":[82,104],"product_tag":[],"class_list":{"0":"post-3156","1":"product","2":"type-product","3":"status-publish","4":"has-post-thumbnail","6":"product_cat-flexispec-de","7":"product_cat-mehrkanal-kombi-sonden","9":"first","10":"instock","11":"shipping-taxable","12":"product-type-simple"},"yoast_head":"<!-- This site is optimized with the Yoast SEO plugin v26.1.1 - https:\/\/yoast.com\/wordpress\/plugins\/seo\/ -->\n<title>Fluo-ATR-Kombi-Sonde - art photonics<\/title>\n<meta name=\"robots\" content=\"index, follow, max-snippet:-1, max-image-preview:large, max-video-preview:-1\" \/>\n<link rel=\"canonical\" href=\"https:\/\/artphotonics.com\/de\/produkt\/fluo-atr-kombi-sonde\/\" \/>\n<meta property=\"og:locale\" content=\"de_DE\" \/>\n<meta property=\"og:type\" content=\"article\" \/>\n<meta property=\"og:title\" content=\"Fluo-ATR-Kombi-Sonde - art photonics\" \/>\n<meta property=\"og:description\" content=\"Eigenschaften:   Faseroptische Zweikanal-Sonde  Fluo- und ATR-Kan\u00e4le k\u00f6nnen gleichzeitig arbeiten und bieten M\u00f6glichkeiten zur Hybridmodellierung  On-line Fluo- und Mid-IR-Spektroskopie  Kompatibel mit UV\/VIS- und FTIR-Spektrometern\" \/>\n<meta property=\"og:url\" content=\"https:\/\/artphotonics.com\/de\/produkt\/fluo-atr-kombi-sonde\/\" \/>\n<meta property=\"og:site_name\" content=\"art photonics\" \/>\n<meta property=\"article:modified_time\" content=\"2023-05-02T10:59:17+00:00\" \/>\n<meta property=\"og:image\" content=\"https:\/\/artphotonics.com\/wp-content\/uploads\/2023\/03\/dual-fluo-ATR-probe-1.png\" \/>\n\t<meta property=\"og:image:width\" content=\"1200\" \/>\n\t<meta property=\"og:image:height\" content=\"900\" \/>\n\t<meta property=\"og:image:type\" content=\"image\/png\" \/>\n<meta name=\"twitter:card\" content=\"summary_large_image\" \/>\n<script type=\"application\/ld+json\" class=\"yoast-schema-graph\">{\"@context\":\"https:\/\/schema.org\",\"@graph\":[{\"@type\":\"WebPage\",\"@id\":\"https:\/\/artphotonics.com\/de\/produkt\/fluo-atr-kombi-sonde\/\",\"url\":\"https:\/\/artphotonics.com\/de\/produkt\/fluo-atr-kombi-sonde\/\",\"name\":\"Fluo-ATR-Kombi-Sonde - art photonics\",\"isPartOf\":{\"@id\":\"https:\/\/artphotonics.com\/de\/#website\"},\"primaryImageOfPage\":{\"@id\":\"https:\/\/artphotonics.com\/de\/produkt\/fluo-atr-kombi-sonde\/#primaryimage\"},\"image\":{\"@id\":\"https:\/\/artphotonics.com\/de\/produkt\/fluo-atr-kombi-sonde\/#primaryimage\"},\"thumbnailUrl\":\"https:\/\/artphotonics.com\/wp-content\/uploads\/2025\/12\/ATR_Raman_Transfl_web.jpg\",\"datePublished\":\"2023-01-18T13:20:07+00:00\",\"dateModified\":\"2023-05-02T10:59:17+00:00\",\"breadcrumb\":{\"@id\":\"https:\/\/artphotonics.com\/de\/produkt\/fluo-atr-kombi-sonde\/#breadcrumb\"},\"inLanguage\":\"de\",\"potentialAction\":[{\"@type\":\"ReadAction\",\"target\":[\"https:\/\/artphotonics.com\/de\/produkt\/fluo-atr-kombi-sonde\/\"]}]},{\"@type\":\"ImageObject\",\"inLanguage\":\"de\",\"@id\":\"https:\/\/artphotonics.com\/de\/produkt\/fluo-atr-kombi-sonde\/#primaryimage\",\"url\":\"https:\/\/artphotonics.com\/wp-content\/uploads\/2025\/12\/ATR_Raman_Transfl_web.jpg\",\"contentUrl\":\"https:\/\/artphotonics.com\/wp-content\/uploads\/2025\/12\/ATR_Raman_Transfl_web.jpg\",\"width\":1200,\"height\":900},{\"@type\":\"BreadcrumbList\",\"@id\":\"https:\/\/artphotonics.com\/de\/produkt\/fluo-atr-kombi-sonde\/#breadcrumb\",\"itemListElement\":[{\"@type\":\"ListItem\",\"position\":1,\"name\":\"Home\",\"item\":\"https:\/\/artphotonics.com\/de\/\"},{\"@type\":\"ListItem\",\"position\":2,\"name\":\"Produkte\",\"item\":\"https:\/\/artphotonics.com\/de\/produkte\/\"},{\"@type\":\"ListItem\",\"position\":3,\"name\":\"Fluo-ATR-Kombi-Sonde\"}]},{\"@type\":\"WebSite\",\"@id\":\"https:\/\/artphotonics.com\/de\/#website\",\"url\":\"https:\/\/artphotonics.com\/de\/\",\"name\":\"art photonics\",\"description\":\"Worldwide Leader in Custom Fiber Products\",\"publisher\":{\"@id\":\"https:\/\/artphotonics.com\/de\/#organization\"},\"potentialAction\":[{\"@type\":\"SearchAction\",\"target\":{\"@type\":\"EntryPoint\",\"urlTemplate\":\"https:\/\/artphotonics.com\/de\/?s={search_term_string}\"},\"query-input\":{\"@type\":\"PropertyValueSpecification\",\"valueRequired\":true,\"valueName\":\"search_term_string\"}}],\"inLanguage\":\"de\"},{\"@type\":\"Organization\",\"@id\":\"https:\/\/artphotonics.com\/de\/#organization\",\"name\":\"art photonics GmbH\",\"url\":\"https:\/\/artphotonics.com\/de\/\",\"logo\":{\"@type\":\"ImageObject\",\"inLanguage\":\"de\",\"@id\":\"https:\/\/artphotonics.com\/de\/#\/schema\/logo\/image\/\",\"url\":\"https:\/\/artphotonics.com\/wp-content\/uploads\/2021\/03\/Art_photonics_logo_color.svg\",\"contentUrl\":\"https:\/\/artphotonics.com\/wp-content\/uploads\/2021\/03\/Art_photonics_logo_color.svg\",\"width\":582,\"height\":148,\"caption\":\"art photonics GmbH\"},\"image\":{\"@id\":\"https:\/\/artphotonics.com\/de\/#\/schema\/logo\/image\/\"}}]}<\/script>\n<!-- \/ Yoast SEO plugin. -->","yoast_head_json":{"title":"Fluo-ATR-Kombi-Sonde - art photonics","robots":{"index":"index","follow":"follow","max-snippet":"max-snippet:-1","max-image-preview":"max-image-preview:large","max-video-preview":"max-video-preview:-1"},"canonical":"https:\/\/artphotonics.com\/de\/produkt\/fluo-atr-kombi-sonde\/","og_locale":"de_DE","og_type":"article","og_title":"Fluo-ATR-Kombi-Sonde - art photonics","og_description":"Eigenschaften:   Faseroptische Zweikanal-Sonde  Fluo- und ATR-Kan\u00e4le k\u00f6nnen gleichzeitig arbeiten und bieten M\u00f6glichkeiten zur Hybridmodellierung  On-line Fluo- und Mid-IR-Spektroskopie  Kompatibel mit UV\/VIS- und FTIR-Spektrometern","og_url":"https:\/\/artphotonics.com\/de\/produkt\/fluo-atr-kombi-sonde\/","og_site_name":"art photonics","article_modified_time":"2023-05-02T10:59:17+00:00","og_image":[{"width":1200,"height":900,"url":"https:\/\/artphotonics.com\/wp-content\/uploads\/2023\/03\/dual-fluo-ATR-probe-1.png","type":"image\/png"}],"twitter_card":"summary_large_image","schema":{"@context":"https:\/\/schema.org","@graph":[{"@type":"WebPage","@id":"https:\/\/artphotonics.com\/de\/produkt\/fluo-atr-kombi-sonde\/","url":"https:\/\/artphotonics.com\/de\/produkt\/fluo-atr-kombi-sonde\/","name":"Fluo-ATR-Kombi-Sonde - art photonics","isPartOf":{"@id":"https:\/\/artphotonics.com\/de\/#website"},"primaryImageOfPage":{"@id":"https:\/\/artphotonics.com\/de\/produkt\/fluo-atr-kombi-sonde\/#primaryimage"},"image":{"@id":"https:\/\/artphotonics.com\/de\/produkt\/fluo-atr-kombi-sonde\/#primaryimage"},"thumbnailUrl":"https:\/\/artphotonics.com\/wp-content\/uploads\/2025\/12\/ATR_Raman_Transfl_web.jpg","datePublished":"2023-01-18T13:20:07+00:00","dateModified":"2023-05-02T10:59:17+00:00","breadcrumb":{"@id":"https:\/\/artphotonics.com\/de\/produkt\/fluo-atr-kombi-sonde\/#breadcrumb"},"inLanguage":"de","potentialAction":[{"@type":"ReadAction","target":["https:\/\/artphotonics.com\/de\/produkt\/fluo-atr-kombi-sonde\/"]}]},{"@type":"ImageObject","inLanguage":"de","@id":"https:\/\/artphotonics.com\/de\/produkt\/fluo-atr-kombi-sonde\/#primaryimage","url":"https:\/\/artphotonics.com\/wp-content\/uploads\/2025\/12\/ATR_Raman_Transfl_web.jpg","contentUrl":"https:\/\/artphotonics.com\/wp-content\/uploads\/2025\/12\/ATR_Raman_Transfl_web.jpg","width":1200,"height":900},{"@type":"BreadcrumbList","@id":"https:\/\/artphotonics.com\/de\/produkt\/fluo-atr-kombi-sonde\/#breadcrumb","itemListElement":[{"@type":"ListItem","position":1,"name":"Home","item":"https:\/\/artphotonics.com\/de\/"},{"@type":"ListItem","position":2,"name":"Produkte","item":"https:\/\/artphotonics.com\/de\/produkte\/"},{"@type":"ListItem","position":3,"name":"Fluo-ATR-Kombi-Sonde"}]},{"@type":"WebSite","@id":"https:\/\/artphotonics.com\/de\/#website","url":"https:\/\/artphotonics.com\/de\/","name":"art photonics","description":"Worldwide Leader in Custom Fiber Products","publisher":{"@id":"https:\/\/artphotonics.com\/de\/#organization"},"potentialAction":[{"@type":"SearchAction","target":{"@type":"EntryPoint","urlTemplate":"https:\/\/artphotonics.com\/de\/?s={search_term_string}"},"query-input":{"@type":"PropertyValueSpecification","valueRequired":true,"valueName":"search_term_string"}}],"inLanguage":"de"},{"@type":"Organization","@id":"https:\/\/artphotonics.com\/de\/#organization","name":"art photonics GmbH","url":"https:\/\/artphotonics.com\/de\/","logo":{"@type":"ImageObject","inLanguage":"de","@id":"https:\/\/artphotonics.com\/de\/#\/schema\/logo\/image\/","url":"https:\/\/artphotonics.com\/wp-content\/uploads\/2021\/03\/Art_photonics_logo_color.svg","contentUrl":"https:\/\/artphotonics.com\/wp-content\/uploads\/2021\/03\/Art_photonics_logo_color.svg","width":582,"height":148,"caption":"art photonics GmbH"},"image":{"@id":"https:\/\/artphotonics.com\/de\/#\/schema\/logo\/image\/"}}]}},"_links":{"self":[{"href":"https:\/\/artphotonics.com\/de\/wp-json\/wp\/v2\/product\/3156","targetHints":{"allow":["GET"]}}],"collection":[{"href":"https:\/\/artphotonics.com\/de\/wp-json\/wp\/v2\/product"}],"about":[{"href":"https:\/\/artphotonics.com\/de\/wp-json\/wp\/v2\/types\/product"}],"wp:featuredmedia":[{"embeddable":true,"href":"https:\/\/artphotonics.com\/de\/wp-json\/wp\/v2\/media\/5072"}],"wp:attachment":[{"href":"https:\/\/artphotonics.com\/de\/wp-json\/wp\/v2\/media?parent=3156"}],"wp:term":[{"taxonomy":"product_brand","embeddable":true,"href":"https:\/\/artphotonics.com\/de\/wp-json\/wp\/v2\/product_brand?post=3156"},{"taxonomy":"product_cat","embeddable":true,"href":"https:\/\/artphotonics.com\/de\/wp-json\/wp\/v2\/product_cat?post=3156"},{"taxonomy":"product_tag","embeddable":true,"href":"https:\/\/artphotonics.com\/de\/wp-json\/wp\/v2\/product_tag?post=3156"}],"curies":[{"name":"wp","href":"https:\/\/api.w.org\/{rel}","templated":true}]}}