{"id":2266,"date":"2021-10-06T16:47:11","date_gmt":"2021-10-06T14:47:11","guid":{"rendered":"https:\/\/artphotonics.com\/product\/niraman-fasersonde\/"},"modified":"2023-05-02T13:04:20","modified_gmt":"2023-05-02T11:04:20","slug":"niraman-fasersonde","status":"publish","type":"product","link":"https:\/\/artphotonics.com\/de\/produkt\/niraman-fasersonde\/","title":{"rendered":"NIRaman Fasersonde"},"content":{"rendered":"","protected":false},"excerpt":{"rendered":"<p><strong>Eigenschaften:<\/strong><\/p>\n<ul>\n<li>Mehrkanalige faseroptische Sonden<\/li>\n<li>NIR- und Raman-Kan\u00e4le k\u00f6nnen gleichzeitig arbeiten und bieten so die M\u00f6glichkeit zur Hybridmodellierung<\/li>\n<li>On-line Raman- und NIR-Spektroskopie<\/li>\n<li>Flexibel und robust f\u00fcr industrielle Anwendungen in rauer Umgebung<\/li>\n<li>Kompatibel mit allen Raman- und NIR-Spektrometern<\/li>\n<\/ul>\n","protected":false},"featured_media":1719,"template":"","meta":[],"product_brand":[],"product_cat":[82,104,83],"product_tag":[76,77,78],"class_list":{"0":"post-2266","1":"product","2":"type-product","3":"status-publish","4":"has-post-thumbnail","6":"product_cat-flexispec-de","7":"product_cat-mehrkanal-kombi-sonden","8":"product_cat-spectroscopy-fiber-probes-de","9":"product_tag-near-ir-de","10":"product_tag-uv-de","11":"product_tag-visible-de","13":"first","14":"instock","15":"shipping-taxable","16":"product-type-simple"},"yoast_head":"<!-- This site is optimized with the Yoast SEO plugin v26.1.1 - https:\/\/yoast.com\/wordpress\/plugins\/seo\/ -->\n<title>NIRaman Fasersonde - art photonics<\/title>\n<meta name=\"robots\" content=\"index, follow, max-snippet:-1, max-image-preview:large, max-video-preview:-1\" \/>\n<link rel=\"canonical\" href=\"https:\/\/artphotonics.com\/de\/produkt\/niraman-fasersonde\/\" \/>\n<meta property=\"og:locale\" content=\"de_DE\" \/>\n<meta property=\"og:type\" content=\"article\" \/>\n<meta property=\"og:title\" content=\"NIRaman Fasersonde - art photonics\" \/>\n<meta property=\"og:description\" content=\"Eigenschaften:   Mehrkanalige faseroptische Sonden  NIR- und Raman-Kan\u00e4le k\u00f6nnen gleichzeitig arbeiten und bieten so die M\u00f6glichkeit zur Hybridmodellierung  On-line Raman- und NIR-Spektroskopie  Flexibel und robust f\u00fcr industrielle Anwendungen in rauer Umgebung  Kompatibel mit allen Raman- und NIR-Spektrometern\" \/>\n<meta property=\"og:url\" content=\"https:\/\/artphotonics.com\/de\/produkt\/niraman-fasersonde\/\" \/>\n<meta property=\"og:site_name\" content=\"art photonics\" \/>\n<meta property=\"article:modified_time\" content=\"2023-05-02T11:04:20+00:00\" \/>\n<meta property=\"og:image\" content=\"https:\/\/artphotonics.com\/wp-content\/uploads\/2021\/10\/NIRaman_1.jpg\" \/>\n\t<meta property=\"og:image:width\" content=\"1200\" \/>\n\t<meta property=\"og:image:height\" content=\"900\" \/>\n\t<meta property=\"og:image:type\" content=\"image\/jpeg\" \/>\n<meta name=\"twitter:card\" content=\"summary_large_image\" \/>\n<script type=\"application\/ld+json\" class=\"yoast-schema-graph\">{\"@context\":\"https:\/\/schema.org\",\"@graph\":[{\"@type\":\"WebPage\",\"@id\":\"https:\/\/artphotonics.com\/de\/produkt\/niraman-fasersonde\/\",\"url\":\"https:\/\/artphotonics.com\/de\/produkt\/niraman-fasersonde\/\",\"name\":\"NIRaman Fasersonde - art photonics\",\"isPartOf\":{\"@id\":\"https:\/\/artphotonics.com\/de\/#website\"},\"primaryImageOfPage\":{\"@id\":\"https:\/\/artphotonics.com\/de\/produkt\/niraman-fasersonde\/#primaryimage\"},\"image\":{\"@id\":\"https:\/\/artphotonics.com\/de\/produkt\/niraman-fasersonde\/#primaryimage\"},\"thumbnailUrl\":\"https:\/\/artphotonics.com\/wp-content\/uploads\/2021\/10\/NIRaman_1.jpg\",\"datePublished\":\"2021-10-06T14:47:11+00:00\",\"dateModified\":\"2023-05-02T11:04:20+00:00\",\"breadcrumb\":{\"@id\":\"https:\/\/artphotonics.com\/de\/produkt\/niraman-fasersonde\/#breadcrumb\"},\"inLanguage\":\"de\",\"potentialAction\":[{\"@type\":\"ReadAction\",\"target\":[\"https:\/\/artphotonics.com\/de\/produkt\/niraman-fasersonde\/\"]}]},{\"@type\":\"ImageObject\",\"inLanguage\":\"de\",\"@id\":\"https:\/\/artphotonics.com\/de\/produkt\/niraman-fasersonde\/#primaryimage\",\"url\":\"https:\/\/artphotonics.com\/wp-content\/uploads\/2021\/10\/NIRaman_1.jpg\",\"contentUrl\":\"https:\/\/artphotonics.com\/wp-content\/uploads\/2021\/10\/NIRaman_1.jpg\",\"width\":1200,\"height\":900},{\"@type\":\"BreadcrumbList\",\"@id\":\"https:\/\/artphotonics.com\/de\/produkt\/niraman-fasersonde\/#breadcrumb\",\"itemListElement\":[{\"@type\":\"ListItem\",\"position\":1,\"name\":\"Home\",\"item\":\"https:\/\/artphotonics.com\/de\/\"},{\"@type\":\"ListItem\",\"position\":2,\"name\":\"Produkte\",\"item\":\"https:\/\/artphotonics.com\/de\/produkte\/\"},{\"@type\":\"ListItem\",\"position\":3,\"name\":\"NIRaman Fasersonde\"}]},{\"@type\":\"WebSite\",\"@id\":\"https:\/\/artphotonics.com\/de\/#website\",\"url\":\"https:\/\/artphotonics.com\/de\/\",\"name\":\"art photonics\",\"description\":\"Worldwide Leader in Custom Fiber Products\",\"publisher\":{\"@id\":\"https:\/\/artphotonics.com\/de\/#organization\"},\"potentialAction\":[{\"@type\":\"SearchAction\",\"target\":{\"@type\":\"EntryPoint\",\"urlTemplate\":\"https:\/\/artphotonics.com\/de\/?s={search_term_string}\"},\"query-input\":{\"@type\":\"PropertyValueSpecification\",\"valueRequired\":true,\"valueName\":\"search_term_string\"}}],\"inLanguage\":\"de\"},{\"@type\":\"Organization\",\"@id\":\"https:\/\/artphotonics.com\/de\/#organization\",\"name\":\"art photonics GmbH\",\"url\":\"https:\/\/artphotonics.com\/de\/\",\"logo\":{\"@type\":\"ImageObject\",\"inLanguage\":\"de\",\"@id\":\"https:\/\/artphotonics.com\/de\/#\/schema\/logo\/image\/\",\"url\":\"https:\/\/artphotonics.com\/wp-content\/uploads\/2021\/03\/Art_photonics_logo_color.svg\",\"contentUrl\":\"https:\/\/artphotonics.com\/wp-content\/uploads\/2021\/03\/Art_photonics_logo_color.svg\",\"width\":582,\"height\":148,\"caption\":\"art photonics GmbH\"},\"image\":{\"@id\":\"https:\/\/artphotonics.com\/de\/#\/schema\/logo\/image\/\"}}]}<\/script>\n<!-- \/ Yoast SEO plugin. -->","yoast_head_json":{"title":"NIRaman Fasersonde - art photonics","robots":{"index":"index","follow":"follow","max-snippet":"max-snippet:-1","max-image-preview":"max-image-preview:large","max-video-preview":"max-video-preview:-1"},"canonical":"https:\/\/artphotonics.com\/de\/produkt\/niraman-fasersonde\/","og_locale":"de_DE","og_type":"article","og_title":"NIRaman Fasersonde - art photonics","og_description":"Eigenschaften:   Mehrkanalige faseroptische Sonden  NIR- und Raman-Kan\u00e4le k\u00f6nnen gleichzeitig arbeiten und bieten so die M\u00f6glichkeit zur Hybridmodellierung  On-line Raman- und NIR-Spektroskopie  Flexibel und robust f\u00fcr industrielle Anwendungen in rauer Umgebung  Kompatibel mit allen Raman- und NIR-Spektrometern","og_url":"https:\/\/artphotonics.com\/de\/produkt\/niraman-fasersonde\/","og_site_name":"art photonics","article_modified_time":"2023-05-02T11:04:20+00:00","og_image":[{"width":1200,"height":900,"url":"https:\/\/artphotonics.com\/wp-content\/uploads\/2021\/10\/NIRaman_1.jpg","type":"image\/jpeg"}],"twitter_card":"summary_large_image","schema":{"@context":"https:\/\/schema.org","@graph":[{"@type":"WebPage","@id":"https:\/\/artphotonics.com\/de\/produkt\/niraman-fasersonde\/","url":"https:\/\/artphotonics.com\/de\/produkt\/niraman-fasersonde\/","name":"NIRaman Fasersonde - art photonics","isPartOf":{"@id":"https:\/\/artphotonics.com\/de\/#website"},"primaryImageOfPage":{"@id":"https:\/\/artphotonics.com\/de\/produkt\/niraman-fasersonde\/#primaryimage"},"image":{"@id":"https:\/\/artphotonics.com\/de\/produkt\/niraman-fasersonde\/#primaryimage"},"thumbnailUrl":"https:\/\/artphotonics.com\/wp-content\/uploads\/2021\/10\/NIRaman_1.jpg","datePublished":"2021-10-06T14:47:11+00:00","dateModified":"2023-05-02T11:04:20+00:00","breadcrumb":{"@id":"https:\/\/artphotonics.com\/de\/produkt\/niraman-fasersonde\/#breadcrumb"},"inLanguage":"de","potentialAction":[{"@type":"ReadAction","target":["https:\/\/artphotonics.com\/de\/produkt\/niraman-fasersonde\/"]}]},{"@type":"ImageObject","inLanguage":"de","@id":"https:\/\/artphotonics.com\/de\/produkt\/niraman-fasersonde\/#primaryimage","url":"https:\/\/artphotonics.com\/wp-content\/uploads\/2021\/10\/NIRaman_1.jpg","contentUrl":"https:\/\/artphotonics.com\/wp-content\/uploads\/2021\/10\/NIRaman_1.jpg","width":1200,"height":900},{"@type":"BreadcrumbList","@id":"https:\/\/artphotonics.com\/de\/produkt\/niraman-fasersonde\/#breadcrumb","itemListElement":[{"@type":"ListItem","position":1,"name":"Home","item":"https:\/\/artphotonics.com\/de\/"},{"@type":"ListItem","position":2,"name":"Produkte","item":"https:\/\/artphotonics.com\/de\/produkte\/"},{"@type":"ListItem","position":3,"name":"NIRaman Fasersonde"}]},{"@type":"WebSite","@id":"https:\/\/artphotonics.com\/de\/#website","url":"https:\/\/artphotonics.com\/de\/","name":"art photonics","description":"Worldwide Leader in Custom Fiber Products","publisher":{"@id":"https:\/\/artphotonics.com\/de\/#organization"},"potentialAction":[{"@type":"SearchAction","target":{"@type":"EntryPoint","urlTemplate":"https:\/\/artphotonics.com\/de\/?s={search_term_string}"},"query-input":{"@type":"PropertyValueSpecification","valueRequired":true,"valueName":"search_term_string"}}],"inLanguage":"de"},{"@type":"Organization","@id":"https:\/\/artphotonics.com\/de\/#organization","name":"art photonics GmbH","url":"https:\/\/artphotonics.com\/de\/","logo":{"@type":"ImageObject","inLanguage":"de","@id":"https:\/\/artphotonics.com\/de\/#\/schema\/logo\/image\/","url":"https:\/\/artphotonics.com\/wp-content\/uploads\/2021\/03\/Art_photonics_logo_color.svg","contentUrl":"https:\/\/artphotonics.com\/wp-content\/uploads\/2021\/03\/Art_photonics_logo_color.svg","width":582,"height":148,"caption":"art photonics GmbH"},"image":{"@id":"https:\/\/artphotonics.com\/de\/#\/schema\/logo\/image\/"}}]}},"_links":{"self":[{"href":"https:\/\/artphotonics.com\/de\/wp-json\/wp\/v2\/product\/2266","targetHints":{"allow":["GET"]}}],"collection":[{"href":"https:\/\/artphotonics.com\/de\/wp-json\/wp\/v2\/product"}],"about":[{"href":"https:\/\/artphotonics.com\/de\/wp-json\/wp\/v2\/types\/product"}],"wp:featuredmedia":[{"embeddable":true,"href":"https:\/\/artphotonics.com\/de\/wp-json\/wp\/v2\/media\/1719"}],"wp:attachment":[{"href":"https:\/\/artphotonics.com\/de\/wp-json\/wp\/v2\/media?parent=2266"}],"wp:term":[{"taxonomy":"product_brand","embeddable":true,"href":"https:\/\/artphotonics.com\/de\/wp-json\/wp\/v2\/product_brand?post=2266"},{"taxonomy":"product_cat","embeddable":true,"href":"https:\/\/artphotonics.com\/de\/wp-json\/wp\/v2\/product_cat?post=2266"},{"taxonomy":"product_tag","embeddable":true,"href":"https:\/\/artphotonics.com\/de\/wp-json\/wp\/v2\/product_tag?post=2266"}],"curies":[{"name":"wp","href":"https:\/\/api.w.org\/{rel}","templated":true}]}}