{"id":2261,"date":"2021-10-05T18:06:11","date_gmt":"2021-10-05T16:06:11","guid":{"rendered":"https:\/\/artphotonics.com\/product\/spiegelreflexionssonden\/"},"modified":"2023-05-02T13:07:30","modified_gmt":"2023-05-02T11:07:30","slug":"spiegelreflexionssonden","status":"publish","type":"product","link":"https:\/\/artphotonics.com\/de\/produkt\/spiegelreflexionssonden\/","title":{"rendered":"Spiegelreflexionssonden"},"content":{"rendered":"","protected":false},"excerpt":{"rendered":"<p><strong>Spiegelreflexionssonden<\/strong> aus der <strong>FlexiSpec\u00ae<\/strong>-Produktreihe sind f\u00fcr die Messung der Spiegelreflexion, R\u00fcckstreuung oder Fluoreszenz von festen, fl\u00fcssigen und pulverf\u00f6rmigen Proben bestimmt. Die Messung von Reflexion und R\u00fcckstreuung liefert wichtige quantitative Informationen \u00fcber die chemische Zusammensetzung einer Probe.<\/p>\n<p><strong>Eigenschaften:<\/strong><\/p>\n<ul>\n<li>D\u00fcnnste Sondenspitzen mit einem Durchmesser von 0,5 mm<\/li>\n<li>Faseroptische mehrschenklige oder Y-f\u00f6rmige Reflexionssonde<\/li>\n<li>Minimales \u00dcbersprechen mit metallbeschichteten Fasern<\/li>\n<li>Flache und abgewinkelte (38\u2070) Spitzenausf\u00fchrungen<\/li>\n<li>Rund-zu-Rund, Rund-zu-Linie, sechseckig &amp; achteckig Fasersonden-Design<\/li>\n<\/ul>\n","protected":false},"featured_media":2935,"template":"","meta":[],"product_brand":[],"product_cat":[82,85,83],"product_tag":[76,77,78],"class_list":{"0":"post-2261","1":"product","2":"type-product","3":"status-publish","4":"has-post-thumbnail","6":"product_cat-flexispec-de","7":"product_cat-reflection-probes-de","8":"product_cat-spectroscopy-fiber-probes-de","9":"product_tag-near-ir-de","10":"product_tag-uv-de","11":"product_tag-visible-de","13":"first","14":"instock","15":"shipping-taxable","16":"product-type-simple"},"yoast_head":"<!-- This site is optimized with the Yoast SEO plugin v26.1.1 - https:\/\/yoast.com\/wordpress\/plugins\/seo\/ -->\n<title>Spiegelreflexionssonden - art photonics<\/title>\n<meta name=\"robots\" content=\"index, follow, max-snippet:-1, max-image-preview:large, max-video-preview:-1\" \/>\n<link rel=\"canonical\" href=\"https:\/\/artphotonics.com\/de\/produkt\/spiegelreflexionssonden\/\" \/>\n<meta property=\"og:locale\" content=\"de_DE\" \/>\n<meta property=\"og:type\" content=\"article\" \/>\n<meta property=\"og:title\" content=\"Spiegelreflexionssonden - art photonics\" \/>\n<meta property=\"og:description\" content=\"Spiegelreflexionssonden aus der FlexiSpec\u00ae-Produktreihe sind f\u00fcr die Messung der Spiegelreflexion, R\u00fcckstreuung oder Fluoreszenz von festen, fl\u00fcssigen und pulverf\u00f6rmigen Proben bestimmt. Die Messung von Reflexion und R\u00fcckstreuung liefert wichtige quantitative Informationen \u00fcber die chemische Zusammensetzung einer Probe.  Eigenschaften:   D\u00fcnnste Sondenspitzen mit einem Durchmesser von 0,5 mm  Faseroptische mehrschenklige oder Y-f\u00f6rmige Reflexionssonde  Minimales \u00dcbersprechen mit metallbeschichteten Fasern  Flache und abgewinkelte (38\u2070) Spitzenausf\u00fchrungen  Rund-zu-Rund, Rund-zu-Linie, sechseckig &amp; achteckig Fasersonden-Design\" \/>\n<meta property=\"og:url\" content=\"https:\/\/artphotonics.com\/de\/produkt\/spiegelreflexionssonden\/\" \/>\n<meta property=\"og:site_name\" content=\"art photonics\" \/>\n<meta property=\"article:modified_time\" content=\"2023-05-02T11:07:30+00:00\" \/>\n<meta property=\"og:image\" content=\"https:\/\/artphotonics.com\/wp-content\/uploads\/2023\/03\/specular-reflection_web.png\" \/>\n\t<meta property=\"og:image:width\" content=\"1200\" \/>\n\t<meta property=\"og:image:height\" content=\"900\" \/>\n\t<meta property=\"og:image:type\" content=\"image\/png\" \/>\n<meta name=\"twitter:card\" content=\"summary_large_image\" \/>\n<script type=\"application\/ld+json\" class=\"yoast-schema-graph\">{\"@context\":\"https:\/\/schema.org\",\"@graph\":[{\"@type\":\"WebPage\",\"@id\":\"https:\/\/artphotonics.com\/de\/produkt\/spiegelreflexionssonden\/\",\"url\":\"https:\/\/artphotonics.com\/de\/produkt\/spiegelreflexionssonden\/\",\"name\":\"Spiegelreflexionssonden - art photonics\",\"isPartOf\":{\"@id\":\"https:\/\/artphotonics.com\/de\/#website\"},\"primaryImageOfPage\":{\"@id\":\"https:\/\/artphotonics.com\/de\/produkt\/spiegelreflexionssonden\/#primaryimage\"},\"image\":{\"@id\":\"https:\/\/artphotonics.com\/de\/produkt\/spiegelreflexionssonden\/#primaryimage\"},\"thumbnailUrl\":\"https:\/\/artphotonics.com\/wp-content\/uploads\/2021\/10\/extruder_web.jpg\",\"datePublished\":\"2021-10-05T16:06:11+00:00\",\"dateModified\":\"2023-05-02T11:07:30+00:00\",\"breadcrumb\":{\"@id\":\"https:\/\/artphotonics.com\/de\/produkt\/spiegelreflexionssonden\/#breadcrumb\"},\"inLanguage\":\"de\",\"potentialAction\":[{\"@type\":\"ReadAction\",\"target\":[\"https:\/\/artphotonics.com\/de\/produkt\/spiegelreflexionssonden\/\"]}]},{\"@type\":\"ImageObject\",\"inLanguage\":\"de\",\"@id\":\"https:\/\/artphotonics.com\/de\/produkt\/spiegelreflexionssonden\/#primaryimage\",\"url\":\"https:\/\/artphotonics.com\/wp-content\/uploads\/2021\/10\/extruder_web.jpg\",\"contentUrl\":\"https:\/\/artphotonics.com\/wp-content\/uploads\/2021\/10\/extruder_web.jpg\",\"width\":1200,\"height\":900},{\"@type\":\"BreadcrumbList\",\"@id\":\"https:\/\/artphotonics.com\/de\/produkt\/spiegelreflexionssonden\/#breadcrumb\",\"itemListElement\":[{\"@type\":\"ListItem\",\"position\":1,\"name\":\"Home\",\"item\":\"https:\/\/artphotonics.com\/de\/\"},{\"@type\":\"ListItem\",\"position\":2,\"name\":\"Produkte\",\"item\":\"https:\/\/artphotonics.com\/de\/produkte\/\"},{\"@type\":\"ListItem\",\"position\":3,\"name\":\"Spiegelreflexionssonden\"}]},{\"@type\":\"WebSite\",\"@id\":\"https:\/\/artphotonics.com\/de\/#website\",\"url\":\"https:\/\/artphotonics.com\/de\/\",\"name\":\"art photonics\",\"description\":\"Worldwide Leader in Custom Fiber Products\",\"publisher\":{\"@id\":\"https:\/\/artphotonics.com\/de\/#organization\"},\"potentialAction\":[{\"@type\":\"SearchAction\",\"target\":{\"@type\":\"EntryPoint\",\"urlTemplate\":\"https:\/\/artphotonics.com\/de\/?s={search_term_string}\"},\"query-input\":{\"@type\":\"PropertyValueSpecification\",\"valueRequired\":true,\"valueName\":\"search_term_string\"}}],\"inLanguage\":\"de\"},{\"@type\":\"Organization\",\"@id\":\"https:\/\/artphotonics.com\/de\/#organization\",\"name\":\"art photonics GmbH\",\"url\":\"https:\/\/artphotonics.com\/de\/\",\"logo\":{\"@type\":\"ImageObject\",\"inLanguage\":\"de\",\"@id\":\"https:\/\/artphotonics.com\/de\/#\/schema\/logo\/image\/\",\"url\":\"https:\/\/artphotonics.com\/wp-content\/uploads\/2021\/03\/Art_photonics_logo_color.svg\",\"contentUrl\":\"https:\/\/artphotonics.com\/wp-content\/uploads\/2021\/03\/Art_photonics_logo_color.svg\",\"width\":582,\"height\":148,\"caption\":\"art photonics GmbH\"},\"image\":{\"@id\":\"https:\/\/artphotonics.com\/de\/#\/schema\/logo\/image\/\"}}]}<\/script>\n<!-- \/ Yoast SEO plugin. -->","yoast_head_json":{"title":"Spiegelreflexionssonden - art photonics","robots":{"index":"index","follow":"follow","max-snippet":"max-snippet:-1","max-image-preview":"max-image-preview:large","max-video-preview":"max-video-preview:-1"},"canonical":"https:\/\/artphotonics.com\/de\/produkt\/spiegelreflexionssonden\/","og_locale":"de_DE","og_type":"article","og_title":"Spiegelreflexionssonden - art photonics","og_description":"Spiegelreflexionssonden aus der FlexiSpec\u00ae-Produktreihe sind f\u00fcr die Messung der Spiegelreflexion, R\u00fcckstreuung oder Fluoreszenz von festen, fl\u00fcssigen und pulverf\u00f6rmigen Proben bestimmt. Die Messung von Reflexion und R\u00fcckstreuung liefert wichtige quantitative Informationen \u00fcber die chemische Zusammensetzung einer Probe.  Eigenschaften:   D\u00fcnnste Sondenspitzen mit einem Durchmesser von 0,5 mm  Faseroptische mehrschenklige oder Y-f\u00f6rmige Reflexionssonde  Minimales \u00dcbersprechen mit metallbeschichteten Fasern  Flache und abgewinkelte (38\u2070) Spitzenausf\u00fchrungen  Rund-zu-Rund, Rund-zu-Linie, sechseckig &amp; achteckig Fasersonden-Design","og_url":"https:\/\/artphotonics.com\/de\/produkt\/spiegelreflexionssonden\/","og_site_name":"art photonics","article_modified_time":"2023-05-02T11:07:30+00:00","og_image":[{"width":1200,"height":900,"url":"https:\/\/artphotonics.com\/wp-content\/uploads\/2023\/03\/specular-reflection_web.png","type":"image\/png"}],"twitter_card":"summary_large_image","schema":{"@context":"https:\/\/schema.org","@graph":[{"@type":"WebPage","@id":"https:\/\/artphotonics.com\/de\/produkt\/spiegelreflexionssonden\/","url":"https:\/\/artphotonics.com\/de\/produkt\/spiegelreflexionssonden\/","name":"Spiegelreflexionssonden - art photonics","isPartOf":{"@id":"https:\/\/artphotonics.com\/de\/#website"},"primaryImageOfPage":{"@id":"https:\/\/artphotonics.com\/de\/produkt\/spiegelreflexionssonden\/#primaryimage"},"image":{"@id":"https:\/\/artphotonics.com\/de\/produkt\/spiegelreflexionssonden\/#primaryimage"},"thumbnailUrl":"https:\/\/artphotonics.com\/wp-content\/uploads\/2021\/10\/extruder_web.jpg","datePublished":"2021-10-05T16:06:11+00:00","dateModified":"2023-05-02T11:07:30+00:00","breadcrumb":{"@id":"https:\/\/artphotonics.com\/de\/produkt\/spiegelreflexionssonden\/#breadcrumb"},"inLanguage":"de","potentialAction":[{"@type":"ReadAction","target":["https:\/\/artphotonics.com\/de\/produkt\/spiegelreflexionssonden\/"]}]},{"@type":"ImageObject","inLanguage":"de","@id":"https:\/\/artphotonics.com\/de\/produkt\/spiegelreflexionssonden\/#primaryimage","url":"https:\/\/artphotonics.com\/wp-content\/uploads\/2021\/10\/extruder_web.jpg","contentUrl":"https:\/\/artphotonics.com\/wp-content\/uploads\/2021\/10\/extruder_web.jpg","width":1200,"height":900},{"@type":"BreadcrumbList","@id":"https:\/\/artphotonics.com\/de\/produkt\/spiegelreflexionssonden\/#breadcrumb","itemListElement":[{"@type":"ListItem","position":1,"name":"Home","item":"https:\/\/artphotonics.com\/de\/"},{"@type":"ListItem","position":2,"name":"Produkte","item":"https:\/\/artphotonics.com\/de\/produkte\/"},{"@type":"ListItem","position":3,"name":"Spiegelreflexionssonden"}]},{"@type":"WebSite","@id":"https:\/\/artphotonics.com\/de\/#website","url":"https:\/\/artphotonics.com\/de\/","name":"art photonics","description":"Worldwide Leader in Custom Fiber Products","publisher":{"@id":"https:\/\/artphotonics.com\/de\/#organization"},"potentialAction":[{"@type":"SearchAction","target":{"@type":"EntryPoint","urlTemplate":"https:\/\/artphotonics.com\/de\/?s={search_term_string}"},"query-input":{"@type":"PropertyValueSpecification","valueRequired":true,"valueName":"search_term_string"}}],"inLanguage":"de"},{"@type":"Organization","@id":"https:\/\/artphotonics.com\/de\/#organization","name":"art photonics GmbH","url":"https:\/\/artphotonics.com\/de\/","logo":{"@type":"ImageObject","inLanguage":"de","@id":"https:\/\/artphotonics.com\/de\/#\/schema\/logo\/image\/","url":"https:\/\/artphotonics.com\/wp-content\/uploads\/2021\/03\/Art_photonics_logo_color.svg","contentUrl":"https:\/\/artphotonics.com\/wp-content\/uploads\/2021\/03\/Art_photonics_logo_color.svg","width":582,"height":148,"caption":"art photonics GmbH"},"image":{"@id":"https:\/\/artphotonics.com\/de\/#\/schema\/logo\/image\/"}}]}},"_links":{"self":[{"href":"https:\/\/artphotonics.com\/de\/wp-json\/wp\/v2\/product\/2261","targetHints":{"allow":["GET"]}}],"collection":[{"href":"https:\/\/artphotonics.com\/de\/wp-json\/wp\/v2\/product"}],"about":[{"href":"https:\/\/artphotonics.com\/de\/wp-json\/wp\/v2\/types\/product"}],"wp:featuredmedia":[{"embeddable":true,"href":"https:\/\/artphotonics.com\/de\/wp-json\/wp\/v2\/media\/2935"}],"wp:attachment":[{"href":"https:\/\/artphotonics.com\/de\/wp-json\/wp\/v2\/media?parent=2261"}],"wp:term":[{"taxonomy":"product_brand","embeddable":true,"href":"https:\/\/artphotonics.com\/de\/wp-json\/wp\/v2\/product_brand?post=2261"},{"taxonomy":"product_cat","embeddable":true,"href":"https:\/\/artphotonics.com\/de\/wp-json\/wp\/v2\/product_cat?post=2261"},{"taxonomy":"product_tag","embeddable":true,"href":"https:\/\/artphotonics.com\/de\/wp-json\/wp\/v2\/product_tag?post=2261"}],"curies":[{"name":"wp","href":"https:\/\/api.w.org\/{rel}","templated":true}]}}