{"id":2247,"date":"2021-08-30T12:50:30","date_gmt":"2021-08-30T10:50:30","guid":{"rendered":"https:\/\/artphotonics.com\/product\/faseroptische-atr-sonden-fur-laboranwendungen\/"},"modified":"2023-05-02T13:08:57","modified_gmt":"2023-05-02T11:08:57","slug":"faseroptische-atr-sonden-fur-laboranwendungen","status":"publish","type":"product","link":"https:\/\/artphotonics.com\/de\/produkt\/faseroptische-atr-sonden-fur-laboranwendungen\/","title":{"rendered":"Faseroptische ATR-Sonden f\u00fcr Laboranwendungen"},"content":{"rendered":"","protected":false},"excerpt":{"rendered":"<p><strong>Eigenschaften:<\/strong><\/p>\n<ul>\n<li>Abklingende Absorptionsspektren ohne Totzonenprobleme<\/li>\n<li>Optimale ATR-Kristallauswahl f\u00fcr die jeweilige Kundenanwendung<\/li>\n<li>Kosteng\u00fcnstige L\u00f6sung f\u00fcr die Inline-Reaktions\u00fcberwachung<\/li>\n<\/ul>\n","protected":false},"featured_media":1519,"template":"","meta":[],"product_brand":[],"product_cat":[84,82,83],"product_tag":[79,76,77,78],"class_list":{"0":"post-2247","1":"product","2":"type-product","3":"status-publish","4":"has-post-thumbnail","6":"product_cat-atr-probes-de","7":"product_cat-flexispec-de","8":"product_cat-spectroscopy-fiber-probes-de","9":"product_tag-mid-ir-de","10":"product_tag-near-ir-de","11":"product_tag-uv-de","12":"product_tag-visible-de","14":"first","15":"instock","16":"shipping-taxable","17":"product-type-simple"},"yoast_head":"<!-- This site is optimized with the Yoast SEO plugin v26.1.1 - https:\/\/yoast.com\/wordpress\/plugins\/seo\/ -->\n<title>Faseroptische ATR-Sonden f\u00fcr Laboranwendungen - art photonics<\/title>\n<meta name=\"robots\" content=\"index, follow, max-snippet:-1, max-image-preview:large, max-video-preview:-1\" \/>\n<link rel=\"canonical\" href=\"https:\/\/artphotonics.com\/de\/produkt\/faseroptische-atr-sonden-fur-laboranwendungen\/\" \/>\n<meta property=\"og:locale\" content=\"de_DE\" \/>\n<meta property=\"og:type\" content=\"article\" \/>\n<meta property=\"og:title\" content=\"Faseroptische ATR-Sonden f\u00fcr Laboranwendungen - art photonics\" \/>\n<meta property=\"og:description\" content=\"Eigenschaften:   Abklingende Absorptionsspektren ohne Totzonenprobleme  Optimale ATR-Kristallauswahl f\u00fcr die jeweilige Kundenanwendung  Kosteng\u00fcnstige L\u00f6sung f\u00fcr die Inline-Reaktions\u00fcberwachung\" \/>\n<meta property=\"og:url\" content=\"https:\/\/artphotonics.com\/de\/produkt\/faseroptische-atr-sonden-fur-laboranwendungen\/\" \/>\n<meta property=\"og:site_name\" content=\"art photonics\" \/>\n<meta property=\"article:modified_time\" content=\"2023-05-02T11:08:57+00:00\" \/>\n<meta name=\"twitter:card\" content=\"summary_large_image\" \/>\n<script type=\"application\/ld+json\" class=\"yoast-schema-graph\">{\"@context\":\"https:\/\/schema.org\",\"@graph\":[{\"@type\":\"WebPage\",\"@id\":\"https:\/\/artphotonics.com\/de\/produkt\/faseroptische-atr-sonden-fur-laboranwendungen\/\",\"url\":\"https:\/\/artphotonics.com\/de\/produkt\/faseroptische-atr-sonden-fur-laboranwendungen\/\",\"name\":\"Faseroptische ATR-Sonden f\u00fcr Laboranwendungen - art photonics\",\"isPartOf\":{\"@id\":\"https:\/\/artphotonics.com\/de\/#website\"},\"primaryImageOfPage\":{\"@id\":\"https:\/\/artphotonics.com\/de\/produkt\/faseroptische-atr-sonden-fur-laboranwendungen\/#primaryimage\"},\"image\":{\"@id\":\"https:\/\/artphotonics.com\/de\/produkt\/faseroptische-atr-sonden-fur-laboranwendungen\/#primaryimage\"},\"thumbnailUrl\":\"https:\/\/artphotonics.com\/wp-content\/uploads\/2021\/08\/ATR-Lab_1.png\",\"datePublished\":\"2021-08-30T10:50:30+00:00\",\"dateModified\":\"2023-05-02T11:08:57+00:00\",\"breadcrumb\":{\"@id\":\"https:\/\/artphotonics.com\/de\/produkt\/faseroptische-atr-sonden-fur-laboranwendungen\/#breadcrumb\"},\"inLanguage\":\"de\",\"potentialAction\":[{\"@type\":\"ReadAction\",\"target\":[\"https:\/\/artphotonics.com\/de\/produkt\/faseroptische-atr-sonden-fur-laboranwendungen\/\"]}]},{\"@type\":\"ImageObject\",\"inLanguage\":\"de\",\"@id\":\"https:\/\/artphotonics.com\/de\/produkt\/faseroptische-atr-sonden-fur-laboranwendungen\/#primaryimage\",\"url\":\"https:\/\/artphotonics.com\/wp-content\/uploads\/2021\/08\/ATR-Lab_1.png\",\"contentUrl\":\"https:\/\/artphotonics.com\/wp-content\/uploads\/2021\/08\/ATR-Lab_1.png\",\"width\":1200,\"height\":900},{\"@type\":\"BreadcrumbList\",\"@id\":\"https:\/\/artphotonics.com\/de\/produkt\/faseroptische-atr-sonden-fur-laboranwendungen\/#breadcrumb\",\"itemListElement\":[{\"@type\":\"ListItem\",\"position\":1,\"name\":\"Home\",\"item\":\"https:\/\/artphotonics.com\/de\/\"},{\"@type\":\"ListItem\",\"position\":2,\"name\":\"Produkte\",\"item\":\"https:\/\/artphotonics.com\/de\/produkte\/\"},{\"@type\":\"ListItem\",\"position\":3,\"name\":\"Faseroptische ATR-Sonden f\u00fcr Laboranwendungen\"}]},{\"@type\":\"WebSite\",\"@id\":\"https:\/\/artphotonics.com\/de\/#website\",\"url\":\"https:\/\/artphotonics.com\/de\/\",\"name\":\"art photonics\",\"description\":\"Worldwide Leader in Custom Fiber Products\",\"publisher\":{\"@id\":\"https:\/\/artphotonics.com\/de\/#organization\"},\"potentialAction\":[{\"@type\":\"SearchAction\",\"target\":{\"@type\":\"EntryPoint\",\"urlTemplate\":\"https:\/\/artphotonics.com\/de\/?s={search_term_string}\"},\"query-input\":{\"@type\":\"PropertyValueSpecification\",\"valueRequired\":true,\"valueName\":\"search_term_string\"}}],\"inLanguage\":\"de\"},{\"@type\":\"Organization\",\"@id\":\"https:\/\/artphotonics.com\/de\/#organization\",\"name\":\"art photonics GmbH\",\"url\":\"https:\/\/artphotonics.com\/de\/\",\"logo\":{\"@type\":\"ImageObject\",\"inLanguage\":\"de\",\"@id\":\"https:\/\/artphotonics.com\/de\/#\/schema\/logo\/image\/\",\"url\":\"https:\/\/artphotonics.com\/wp-content\/uploads\/2021\/03\/Art_photonics_logo_color.svg\",\"contentUrl\":\"https:\/\/artphotonics.com\/wp-content\/uploads\/2021\/03\/Art_photonics_logo_color.svg\",\"width\":582,\"height\":148,\"caption\":\"art photonics GmbH\"},\"image\":{\"@id\":\"https:\/\/artphotonics.com\/de\/#\/schema\/logo\/image\/\"}}]}<\/script>\n<!-- \/ Yoast SEO plugin. -->","yoast_head_json":{"title":"Faseroptische ATR-Sonden f\u00fcr Laboranwendungen - art photonics","robots":{"index":"index","follow":"follow","max-snippet":"max-snippet:-1","max-image-preview":"max-image-preview:large","max-video-preview":"max-video-preview:-1"},"canonical":"https:\/\/artphotonics.com\/de\/produkt\/faseroptische-atr-sonden-fur-laboranwendungen\/","og_locale":"de_DE","og_type":"article","og_title":"Faseroptische ATR-Sonden f\u00fcr Laboranwendungen - art photonics","og_description":"Eigenschaften:   Abklingende Absorptionsspektren ohne Totzonenprobleme  Optimale ATR-Kristallauswahl f\u00fcr die jeweilige Kundenanwendung  Kosteng\u00fcnstige L\u00f6sung f\u00fcr die Inline-Reaktions\u00fcberwachung","og_url":"https:\/\/artphotonics.com\/de\/produkt\/faseroptische-atr-sonden-fur-laboranwendungen\/","og_site_name":"art photonics","article_modified_time":"2023-05-02T11:08:57+00:00","twitter_card":"summary_large_image","schema":{"@context":"https:\/\/schema.org","@graph":[{"@type":"WebPage","@id":"https:\/\/artphotonics.com\/de\/produkt\/faseroptische-atr-sonden-fur-laboranwendungen\/","url":"https:\/\/artphotonics.com\/de\/produkt\/faseroptische-atr-sonden-fur-laboranwendungen\/","name":"Faseroptische ATR-Sonden f\u00fcr Laboranwendungen - art photonics","isPartOf":{"@id":"https:\/\/artphotonics.com\/de\/#website"},"primaryImageOfPage":{"@id":"https:\/\/artphotonics.com\/de\/produkt\/faseroptische-atr-sonden-fur-laboranwendungen\/#primaryimage"},"image":{"@id":"https:\/\/artphotonics.com\/de\/produkt\/faseroptische-atr-sonden-fur-laboranwendungen\/#primaryimage"},"thumbnailUrl":"https:\/\/artphotonics.com\/wp-content\/uploads\/2021\/08\/ATR-Lab_1.png","datePublished":"2021-08-30T10:50:30+00:00","dateModified":"2023-05-02T11:08:57+00:00","breadcrumb":{"@id":"https:\/\/artphotonics.com\/de\/produkt\/faseroptische-atr-sonden-fur-laboranwendungen\/#breadcrumb"},"inLanguage":"de","potentialAction":[{"@type":"ReadAction","target":["https:\/\/artphotonics.com\/de\/produkt\/faseroptische-atr-sonden-fur-laboranwendungen\/"]}]},{"@type":"ImageObject","inLanguage":"de","@id":"https:\/\/artphotonics.com\/de\/produkt\/faseroptische-atr-sonden-fur-laboranwendungen\/#primaryimage","url":"https:\/\/artphotonics.com\/wp-content\/uploads\/2021\/08\/ATR-Lab_1.png","contentUrl":"https:\/\/artphotonics.com\/wp-content\/uploads\/2021\/08\/ATR-Lab_1.png","width":1200,"height":900},{"@type":"BreadcrumbList","@id":"https:\/\/artphotonics.com\/de\/produkt\/faseroptische-atr-sonden-fur-laboranwendungen\/#breadcrumb","itemListElement":[{"@type":"ListItem","position":1,"name":"Home","item":"https:\/\/artphotonics.com\/de\/"},{"@type":"ListItem","position":2,"name":"Produkte","item":"https:\/\/artphotonics.com\/de\/produkte\/"},{"@type":"ListItem","position":3,"name":"Faseroptische ATR-Sonden f\u00fcr Laboranwendungen"}]},{"@type":"WebSite","@id":"https:\/\/artphotonics.com\/de\/#website","url":"https:\/\/artphotonics.com\/de\/","name":"art photonics","description":"Worldwide Leader in Custom Fiber Products","publisher":{"@id":"https:\/\/artphotonics.com\/de\/#organization"},"potentialAction":[{"@type":"SearchAction","target":{"@type":"EntryPoint","urlTemplate":"https:\/\/artphotonics.com\/de\/?s={search_term_string}"},"query-input":{"@type":"PropertyValueSpecification","valueRequired":true,"valueName":"search_term_string"}}],"inLanguage":"de"},{"@type":"Organization","@id":"https:\/\/artphotonics.com\/de\/#organization","name":"art photonics GmbH","url":"https:\/\/artphotonics.com\/de\/","logo":{"@type":"ImageObject","inLanguage":"de","@id":"https:\/\/artphotonics.com\/de\/#\/schema\/logo\/image\/","url":"https:\/\/artphotonics.com\/wp-content\/uploads\/2021\/03\/Art_photonics_logo_color.svg","contentUrl":"https:\/\/artphotonics.com\/wp-content\/uploads\/2021\/03\/Art_photonics_logo_color.svg","width":582,"height":148,"caption":"art photonics GmbH"},"image":{"@id":"https:\/\/artphotonics.com\/de\/#\/schema\/logo\/image\/"}}]}},"_links":{"self":[{"href":"https:\/\/artphotonics.com\/de\/wp-json\/wp\/v2\/product\/2247","targetHints":{"allow":["GET"]}}],"collection":[{"href":"https:\/\/artphotonics.com\/de\/wp-json\/wp\/v2\/product"}],"about":[{"href":"https:\/\/artphotonics.com\/de\/wp-json\/wp\/v2\/types\/product"}],"wp:featuredmedia":[{"embeddable":true,"href":"https:\/\/artphotonics.com\/de\/wp-json\/wp\/v2\/media\/1519"}],"wp:attachment":[{"href":"https:\/\/artphotonics.com\/de\/wp-json\/wp\/v2\/media?parent=2247"}],"wp:term":[{"taxonomy":"product_brand","embeddable":true,"href":"https:\/\/artphotonics.com\/de\/wp-json\/wp\/v2\/product_brand?post=2247"},{"taxonomy":"product_cat","embeddable":true,"href":"https:\/\/artphotonics.com\/de\/wp-json\/wp\/v2\/product_cat?post=2247"},{"taxonomy":"product_tag","embeddable":true,"href":"https:\/\/artphotonics.com\/de\/wp-json\/wp\/v2\/product_tag?post=2247"}],"curies":[{"name":"wp","href":"https:\/\/api.w.org\/{rel}","templated":true}]}}