{"id":2245,"date":"2021-08-20T16:13:37","date_gmt":"2021-08-20T14:13:37","guid":{"rendered":"https:\/\/artphotonics.com\/product\/faseroptische-atr-sonden\/"},"modified":"2023-05-02T13:09:23","modified_gmt":"2023-05-02T11:09:23","slug":"faseroptische-atr-sonden","status":"publish","type":"product","link":"https:\/\/artphotonics.com\/de\/produkt\/faseroptische-atr-sonden\/","title":{"rendered":"Faseroptische ATR-Sonden"},"content":{"rendered":"","protected":false},"excerpt":{"rendered":"<p><strong>Eigenschaften:<\/strong><\/p>\n<ul>\n<li>Hoher Durchsatz in jedem Teil des Nah- und Mittelinfrarotspektrums<\/li>\n<li>ATR-Spitze geformt f\u00fcr das Eintauchen in den Fl\u00fcssigkeitsstrom ohne Totzone<\/li>\n<li>Flexibel und robust f\u00fcr industrielle Anwendungen in rauer Umgebung<\/li>\n<li>Kompatibel mit allen Spektrometern und automatisierten Prozess-Schnittstellen<\/li>\n<\/ul>\n","protected":false},"featured_media":3250,"template":"","meta":[],"product_brand":[],"product_cat":[84,82,83],"product_tag":[79,76,77,78],"class_list":{"0":"post-2245","1":"product","2":"type-product","3":"status-publish","4":"has-post-thumbnail","6":"product_cat-atr-probes-de","7":"product_cat-flexispec-de","8":"product_cat-spectroscopy-fiber-probes-de","9":"product_tag-mid-ir-de","10":"product_tag-near-ir-de","11":"product_tag-uv-de","12":"product_tag-visible-de","14":"first","15":"instock","16":"shipping-taxable","17":"product-type-simple"},"yoast_head":"<!-- This site is optimized with the Yoast SEO plugin v26.1.1 - https:\/\/yoast.com\/wordpress\/plugins\/seo\/ -->\n<title>Faseroptische ATR-Sonden - art photonics<\/title>\n<meta name=\"robots\" content=\"index, follow, max-snippet:-1, max-image-preview:large, max-video-preview:-1\" \/>\n<link rel=\"canonical\" href=\"https:\/\/artphotonics.com\/de\/produkt\/faseroptische-atr-sonden\/\" \/>\n<meta property=\"og:locale\" content=\"de_DE\" \/>\n<meta property=\"og:type\" content=\"article\" \/>\n<meta property=\"og:title\" content=\"Faseroptische ATR-Sonden - art photonics\" \/>\n<meta property=\"og:description\" content=\"Eigenschaften:   Hoher Durchsatz in jedem Teil des Nah- und Mittelinfrarotspektrums  ATR-Spitze geformt f\u00fcr das Eintauchen in den Fl\u00fcssigkeitsstrom ohne Totzone  Flexibel und robust f\u00fcr industrielle Anwendungen in rauer Umgebung  Kompatibel mit allen Spektrometern und automatisierten Prozess-Schnittstellen\" \/>\n<meta property=\"og:url\" content=\"https:\/\/artphotonics.com\/de\/produkt\/faseroptische-atr-sonden\/\" \/>\n<meta property=\"og:site_name\" content=\"art photonics\" \/>\n<meta property=\"article:modified_time\" content=\"2023-05-02T11:09:23+00:00\" \/>\n<meta property=\"og:image\" content=\"https:\/\/artphotonics.com\/wp-content\/uploads\/2023\/05\/stand-ATR_probe_web.png\" \/>\n\t<meta property=\"og:image:width\" content=\"1200\" \/>\n\t<meta property=\"og:image:height\" content=\"900\" \/>\n\t<meta property=\"og:image:type\" content=\"image\/png\" \/>\n<meta name=\"twitter:card\" content=\"summary_large_image\" \/>\n<script type=\"application\/ld+json\" class=\"yoast-schema-graph\">{\"@context\":\"https:\/\/schema.org\",\"@graph\":[{\"@type\":\"WebPage\",\"@id\":\"https:\/\/artphotonics.com\/de\/produkt\/faseroptische-atr-sonden\/\",\"url\":\"https:\/\/artphotonics.com\/de\/produkt\/faseroptische-atr-sonden\/\",\"name\":\"Faseroptische ATR-Sonden - art photonics\",\"isPartOf\":{\"@id\":\"https:\/\/artphotonics.com\/de\/#website\"},\"primaryImageOfPage\":{\"@id\":\"https:\/\/artphotonics.com\/de\/produkt\/faseroptische-atr-sonden\/#primaryimage\"},\"image\":{\"@id\":\"https:\/\/artphotonics.com\/de\/produkt\/faseroptische-atr-sonden\/#primaryimage\"},\"thumbnailUrl\":\"https:\/\/artphotonics.com\/wp-content\/uploads\/2023\/05\/stand_ATR_probe.jpg\",\"datePublished\":\"2021-08-20T14:13:37+00:00\",\"dateModified\":\"2023-05-02T11:09:23+00:00\",\"breadcrumb\":{\"@id\":\"https:\/\/artphotonics.com\/de\/produkt\/faseroptische-atr-sonden\/#breadcrumb\"},\"inLanguage\":\"de\",\"potentialAction\":[{\"@type\":\"ReadAction\",\"target\":[\"https:\/\/artphotonics.com\/de\/produkt\/faseroptische-atr-sonden\/\"]}]},{\"@type\":\"ImageObject\",\"inLanguage\":\"de\",\"@id\":\"https:\/\/artphotonics.com\/de\/produkt\/faseroptische-atr-sonden\/#primaryimage\",\"url\":\"https:\/\/artphotonics.com\/wp-content\/uploads\/2023\/05\/stand_ATR_probe.jpg\",\"contentUrl\":\"https:\/\/artphotonics.com\/wp-content\/uploads\/2023\/05\/stand_ATR_probe.jpg\",\"width\":1200,\"height\":900},{\"@type\":\"BreadcrumbList\",\"@id\":\"https:\/\/artphotonics.com\/de\/produkt\/faseroptische-atr-sonden\/#breadcrumb\",\"itemListElement\":[{\"@type\":\"ListItem\",\"position\":1,\"name\":\"Home\",\"item\":\"https:\/\/artphotonics.com\/de\/\"},{\"@type\":\"ListItem\",\"position\":2,\"name\":\"Produkte\",\"item\":\"https:\/\/artphotonics.com\/de\/produkte\/\"},{\"@type\":\"ListItem\",\"position\":3,\"name\":\"Faseroptische ATR-Sonden\"}]},{\"@type\":\"WebSite\",\"@id\":\"https:\/\/artphotonics.com\/de\/#website\",\"url\":\"https:\/\/artphotonics.com\/de\/\",\"name\":\"art photonics\",\"description\":\"Worldwide Leader in Custom Fiber Products\",\"publisher\":{\"@id\":\"https:\/\/artphotonics.com\/de\/#organization\"},\"potentialAction\":[{\"@type\":\"SearchAction\",\"target\":{\"@type\":\"EntryPoint\",\"urlTemplate\":\"https:\/\/artphotonics.com\/de\/?s={search_term_string}\"},\"query-input\":{\"@type\":\"PropertyValueSpecification\",\"valueRequired\":true,\"valueName\":\"search_term_string\"}}],\"inLanguage\":\"de\"},{\"@type\":\"Organization\",\"@id\":\"https:\/\/artphotonics.com\/de\/#organization\",\"name\":\"art photonics GmbH\",\"url\":\"https:\/\/artphotonics.com\/de\/\",\"logo\":{\"@type\":\"ImageObject\",\"inLanguage\":\"de\",\"@id\":\"https:\/\/artphotonics.com\/de\/#\/schema\/logo\/image\/\",\"url\":\"https:\/\/artphotonics.com\/wp-content\/uploads\/2021\/03\/Art_photonics_logo_color.svg\",\"contentUrl\":\"https:\/\/artphotonics.com\/wp-content\/uploads\/2021\/03\/Art_photonics_logo_color.svg\",\"width\":582,\"height\":148,\"caption\":\"art photonics GmbH\"},\"image\":{\"@id\":\"https:\/\/artphotonics.com\/de\/#\/schema\/logo\/image\/\"}}]}<\/script>\n<!-- \/ Yoast SEO plugin. -->","yoast_head_json":{"title":"Faseroptische ATR-Sonden - art photonics","robots":{"index":"index","follow":"follow","max-snippet":"max-snippet:-1","max-image-preview":"max-image-preview:large","max-video-preview":"max-video-preview:-1"},"canonical":"https:\/\/artphotonics.com\/de\/produkt\/faseroptische-atr-sonden\/","og_locale":"de_DE","og_type":"article","og_title":"Faseroptische ATR-Sonden - art photonics","og_description":"Eigenschaften:   Hoher Durchsatz in jedem Teil des Nah- und Mittelinfrarotspektrums  ATR-Spitze geformt f\u00fcr das Eintauchen in den Fl\u00fcssigkeitsstrom ohne Totzone  Flexibel und robust f\u00fcr industrielle Anwendungen in rauer Umgebung  Kompatibel mit allen Spektrometern und automatisierten Prozess-Schnittstellen","og_url":"https:\/\/artphotonics.com\/de\/produkt\/faseroptische-atr-sonden\/","og_site_name":"art photonics","article_modified_time":"2023-05-02T11:09:23+00:00","og_image":[{"width":1200,"height":900,"url":"https:\/\/artphotonics.com\/wp-content\/uploads\/2023\/05\/stand-ATR_probe_web.png","type":"image\/png"}],"twitter_card":"summary_large_image","schema":{"@context":"https:\/\/schema.org","@graph":[{"@type":"WebPage","@id":"https:\/\/artphotonics.com\/de\/produkt\/faseroptische-atr-sonden\/","url":"https:\/\/artphotonics.com\/de\/produkt\/faseroptische-atr-sonden\/","name":"Faseroptische ATR-Sonden - art photonics","isPartOf":{"@id":"https:\/\/artphotonics.com\/de\/#website"},"primaryImageOfPage":{"@id":"https:\/\/artphotonics.com\/de\/produkt\/faseroptische-atr-sonden\/#primaryimage"},"image":{"@id":"https:\/\/artphotonics.com\/de\/produkt\/faseroptische-atr-sonden\/#primaryimage"},"thumbnailUrl":"https:\/\/artphotonics.com\/wp-content\/uploads\/2023\/05\/stand_ATR_probe.jpg","datePublished":"2021-08-20T14:13:37+00:00","dateModified":"2023-05-02T11:09:23+00:00","breadcrumb":{"@id":"https:\/\/artphotonics.com\/de\/produkt\/faseroptische-atr-sonden\/#breadcrumb"},"inLanguage":"de","potentialAction":[{"@type":"ReadAction","target":["https:\/\/artphotonics.com\/de\/produkt\/faseroptische-atr-sonden\/"]}]},{"@type":"ImageObject","inLanguage":"de","@id":"https:\/\/artphotonics.com\/de\/produkt\/faseroptische-atr-sonden\/#primaryimage","url":"https:\/\/artphotonics.com\/wp-content\/uploads\/2023\/05\/stand_ATR_probe.jpg","contentUrl":"https:\/\/artphotonics.com\/wp-content\/uploads\/2023\/05\/stand_ATR_probe.jpg","width":1200,"height":900},{"@type":"BreadcrumbList","@id":"https:\/\/artphotonics.com\/de\/produkt\/faseroptische-atr-sonden\/#breadcrumb","itemListElement":[{"@type":"ListItem","position":1,"name":"Home","item":"https:\/\/artphotonics.com\/de\/"},{"@type":"ListItem","position":2,"name":"Produkte","item":"https:\/\/artphotonics.com\/de\/produkte\/"},{"@type":"ListItem","position":3,"name":"Faseroptische ATR-Sonden"}]},{"@type":"WebSite","@id":"https:\/\/artphotonics.com\/de\/#website","url":"https:\/\/artphotonics.com\/de\/","name":"art photonics","description":"Worldwide Leader in Custom Fiber Products","publisher":{"@id":"https:\/\/artphotonics.com\/de\/#organization"},"potentialAction":[{"@type":"SearchAction","target":{"@type":"EntryPoint","urlTemplate":"https:\/\/artphotonics.com\/de\/?s={search_term_string}"},"query-input":{"@type":"PropertyValueSpecification","valueRequired":true,"valueName":"search_term_string"}}],"inLanguage":"de"},{"@type":"Organization","@id":"https:\/\/artphotonics.com\/de\/#organization","name":"art photonics GmbH","url":"https:\/\/artphotonics.com\/de\/","logo":{"@type":"ImageObject","inLanguage":"de","@id":"https:\/\/artphotonics.com\/de\/#\/schema\/logo\/image\/","url":"https:\/\/artphotonics.com\/wp-content\/uploads\/2021\/03\/Art_photonics_logo_color.svg","contentUrl":"https:\/\/artphotonics.com\/wp-content\/uploads\/2021\/03\/Art_photonics_logo_color.svg","width":582,"height":148,"caption":"art photonics GmbH"},"image":{"@id":"https:\/\/artphotonics.com\/de\/#\/schema\/logo\/image\/"}}]}},"_links":{"self":[{"href":"https:\/\/artphotonics.com\/de\/wp-json\/wp\/v2\/product\/2245","targetHints":{"allow":["GET"]}}],"collection":[{"href":"https:\/\/artphotonics.com\/de\/wp-json\/wp\/v2\/product"}],"about":[{"href":"https:\/\/artphotonics.com\/de\/wp-json\/wp\/v2\/types\/product"}],"wp:featuredmedia":[{"embeddable":true,"href":"https:\/\/artphotonics.com\/de\/wp-json\/wp\/v2\/media\/3250"}],"wp:attachment":[{"href":"https:\/\/artphotonics.com\/de\/wp-json\/wp\/v2\/media?parent=2245"}],"wp:term":[{"taxonomy":"product_brand","embeddable":true,"href":"https:\/\/artphotonics.com\/de\/wp-json\/wp\/v2\/product_brand?post=2245"},{"taxonomy":"product_cat","embeddable":true,"href":"https:\/\/artphotonics.com\/de\/wp-json\/wp\/v2\/product_cat?post=2245"},{"taxonomy":"product_tag","embeddable":true,"href":"https:\/\/artphotonics.com\/de\/wp-json\/wp\/v2\/product_tag?post=2245"}],"curies":[{"name":"wp","href":"https:\/\/api.w.org\/{rel}","templated":true}]}}