{"id":2231,"date":"2021-10-05T12:20:21","date_gmt":"2021-10-05T10:20:21","guid":{"rendered":"https:\/\/artphotonics.com\/product\/quarzglasfaserkabel-fur-uv-vis-und-vis-nir-spektralbereiche\/"},"modified":"2023-05-02T13:08:17","modified_gmt":"2023-05-02T11:08:17","slug":"quarzglasfaserkabel-fur-uv-vis-und-vis-nir-spektralbereiche","status":"publish","type":"product","link":"https:\/\/artphotonics.com\/de\/produkt\/quarzglasfaserkabel-fur-uv-vis-und-vis-nir-spektralbereiche\/","title":{"rendered":"Quarzglasfaserkabel f\u00fcr UV-Vis und Vis-NIR Spektralbereiche"},"content":{"rendered":"","protected":false},"excerpt":{"rendered":"<p><strong>Eigenschaften:<\/strong><\/p>\n<ul>\n<li>Hochwertige Fasern, einschlie\u00dflich Spezialfasern mit extrem niedrigem OH-Gehalt<\/li>\n<li>Gro\u00dfe Auswahl an Fasern, Steckern und Schutzm\u00e4nteln<\/li>\n<li>Schnelle Lieferung f\u00fcr Standardkabel<\/li>\n<li>Quarzfaserkabel sind f\u00fcr zwei Spektralbereiche UV-VIS und VIS-NIR mit verschiedenen Kabelm\u00e4nteln und Steckern auf Kundenanfrage erh\u00e4ltlich.<\/li>\n<li>Art Photonics fertigt kundenspezifische Quarzfaserkabel mit einem verst\u00e4rkten Mantel, der durch einen Nylonfaden stabilisiert wird, um maximalen Schutz vor Dehnungssch\u00e4den zu gew\u00e4hrleisten, und der vom Eingang bis zum Ausgangsstecker vollst\u00e4ndig abgedichtet ist.<\/li>\n<\/ul>\n","protected":false},"featured_media":2061,"template":"","meta":[],"product_brand":[],"product_cat":[74,81],"product_tag":[76,77,78],"class_list":{"0":"post-2231","1":"product","2":"type-product","3":"status-publish","4":"has-post-thumbnail","6":"product_cat-flexiray-de","7":"product_cat-optical-fiber-cables","8":"product_tag-near-ir-de","9":"product_tag-uv-de","10":"product_tag-visible-de","12":"first","13":"instock","14":"shipping-taxable","15":"product-type-simple"},"yoast_head":"<!-- This site is optimized with the Yoast SEO plugin v26.1.1 - https:\/\/yoast.com\/wordpress\/plugins\/seo\/ -->\n<title>Quarzglasfaserkabel f\u00fcr UV-Vis und Vis-NIR Spektralbereiche - art photonics<\/title>\n<meta name=\"robots\" content=\"index, follow, max-snippet:-1, max-image-preview:large, max-video-preview:-1\" \/>\n<link rel=\"canonical\" href=\"https:\/\/artphotonics.com\/de\/produkt\/quarzglasfaserkabel-fur-uv-vis-und-vis-nir-spektralbereiche\/\" \/>\n<meta property=\"og:locale\" content=\"de_DE\" \/>\n<meta property=\"og:type\" content=\"article\" \/>\n<meta property=\"og:title\" content=\"Quarzglasfaserkabel f\u00fcr UV-Vis und Vis-NIR Spektralbereiche - art photonics\" \/>\n<meta property=\"og:description\" content=\"Eigenschaften:   Hochwertige Fasern, einschlie\u00dflich Spezialfasern mit extrem niedrigem OH-Gehalt  Gro\u00dfe Auswahl an Fasern, Steckern und Schutzm\u00e4nteln  Schnelle Lieferung f\u00fcr Standardkabel  Quarzfaserkabel sind f\u00fcr zwei Spektralbereiche UV-VIS und VIS-NIR mit verschiedenen Kabelm\u00e4nteln und Steckern auf Kundenanfrage erh\u00e4ltlich.  Art Photonics fertigt kundenspezifische Quarzfaserkabel mit einem verst\u00e4rkten Mantel, der durch einen Nylonfaden stabilisiert wird, um maximalen Schutz vor Dehnungssch\u00e4den zu gew\u00e4hrleisten, und der vom Eingang bis zum Ausgangsstecker vollst\u00e4ndig abgedichtet ist.\" \/>\n<meta property=\"og:url\" content=\"https:\/\/artphotonics.com\/de\/produkt\/quarzglasfaserkabel-fur-uv-vis-und-vis-nir-spektralbereiche\/\" \/>\n<meta property=\"og:site_name\" content=\"art photonics\" \/>\n<meta property=\"article:modified_time\" content=\"2023-05-02T11:08:17+00:00\" \/>\n<meta name=\"twitter:card\" content=\"summary_large_image\" \/>\n<script type=\"application\/ld+json\" class=\"yoast-schema-graph\">{\"@context\":\"https:\/\/schema.org\",\"@graph\":[{\"@type\":\"WebPage\",\"@id\":\"https:\/\/artphotonics.com\/de\/produkt\/quarzglasfaserkabel-fur-uv-vis-und-vis-nir-spektralbereiche\/\",\"url\":\"https:\/\/artphotonics.com\/de\/produkt\/quarzglasfaserkabel-fur-uv-vis-und-vis-nir-spektralbereiche\/\",\"name\":\"Quarzglasfaserkabel f\u00fcr UV-Vis und Vis-NIR Spektralbereiche - art photonics\",\"isPartOf\":{\"@id\":\"https:\/\/artphotonics.com\/de\/#website\"},\"primaryImageOfPage\":{\"@id\":\"https:\/\/artphotonics.com\/de\/produkt\/quarzglasfaserkabel-fur-uv-vis-und-vis-nir-spektralbereiche\/#primaryimage\"},\"image\":{\"@id\":\"https:\/\/artphotonics.com\/de\/produkt\/quarzglasfaserkabel-fur-uv-vis-und-vis-nir-spektralbereiche\/#primaryimage\"},\"thumbnailUrl\":\"https:\/\/artphotonics.com\/wp-content\/uploads\/2022\/01\/UV-Vis-and-Vis-NIR_3-1n.jpg\",\"datePublished\":\"2021-10-05T10:20:21+00:00\",\"dateModified\":\"2023-05-02T11:08:17+00:00\",\"breadcrumb\":{\"@id\":\"https:\/\/artphotonics.com\/de\/produkt\/quarzglasfaserkabel-fur-uv-vis-und-vis-nir-spektralbereiche\/#breadcrumb\"},\"inLanguage\":\"de\",\"potentialAction\":[{\"@type\":\"ReadAction\",\"target\":[\"https:\/\/artphotonics.com\/de\/produkt\/quarzglasfaserkabel-fur-uv-vis-und-vis-nir-spektralbereiche\/\"]}]},{\"@type\":\"ImageObject\",\"inLanguage\":\"de\",\"@id\":\"https:\/\/artphotonics.com\/de\/produkt\/quarzglasfaserkabel-fur-uv-vis-und-vis-nir-spektralbereiche\/#primaryimage\",\"url\":\"https:\/\/artphotonics.com\/wp-content\/uploads\/2022\/01\/UV-Vis-and-Vis-NIR_3-1n.jpg\",\"contentUrl\":\"https:\/\/artphotonics.com\/wp-content\/uploads\/2022\/01\/UV-Vis-and-Vis-NIR_3-1n.jpg\",\"width\":957,\"height\":900},{\"@type\":\"BreadcrumbList\",\"@id\":\"https:\/\/artphotonics.com\/de\/produkt\/quarzglasfaserkabel-fur-uv-vis-und-vis-nir-spektralbereiche\/#breadcrumb\",\"itemListElement\":[{\"@type\":\"ListItem\",\"position\":1,\"name\":\"Home\",\"item\":\"https:\/\/artphotonics.com\/de\/\"},{\"@type\":\"ListItem\",\"position\":2,\"name\":\"Produkte\",\"item\":\"https:\/\/artphotonics.com\/de\/produkte\/\"},{\"@type\":\"ListItem\",\"position\":3,\"name\":\"Quarzglasfaserkabel f\u00fcr UV-Vis und Vis-NIR Spektralbereiche\"}]},{\"@type\":\"WebSite\",\"@id\":\"https:\/\/artphotonics.com\/de\/#website\",\"url\":\"https:\/\/artphotonics.com\/de\/\",\"name\":\"art photonics\",\"description\":\"Worldwide Leader in Custom Fiber Products\",\"publisher\":{\"@id\":\"https:\/\/artphotonics.com\/de\/#organization\"},\"potentialAction\":[{\"@type\":\"SearchAction\",\"target\":{\"@type\":\"EntryPoint\",\"urlTemplate\":\"https:\/\/artphotonics.com\/de\/?s={search_term_string}\"},\"query-input\":{\"@type\":\"PropertyValueSpecification\",\"valueRequired\":true,\"valueName\":\"search_term_string\"}}],\"inLanguage\":\"de\"},{\"@type\":\"Organization\",\"@id\":\"https:\/\/artphotonics.com\/de\/#organization\",\"name\":\"art photonics GmbH\",\"url\":\"https:\/\/artphotonics.com\/de\/\",\"logo\":{\"@type\":\"ImageObject\",\"inLanguage\":\"de\",\"@id\":\"https:\/\/artphotonics.com\/de\/#\/schema\/logo\/image\/\",\"url\":\"https:\/\/artphotonics.com\/wp-content\/uploads\/2021\/03\/Art_photonics_logo_color.svg\",\"contentUrl\":\"https:\/\/artphotonics.com\/wp-content\/uploads\/2021\/03\/Art_photonics_logo_color.svg\",\"width\":582,\"height\":148,\"caption\":\"art photonics GmbH\"},\"image\":{\"@id\":\"https:\/\/artphotonics.com\/de\/#\/schema\/logo\/image\/\"}}]}<\/script>\n<!-- \/ Yoast SEO plugin. -->","yoast_head_json":{"title":"Quarzglasfaserkabel f\u00fcr UV-Vis und Vis-NIR Spektralbereiche - art photonics","robots":{"index":"index","follow":"follow","max-snippet":"max-snippet:-1","max-image-preview":"max-image-preview:large","max-video-preview":"max-video-preview:-1"},"canonical":"https:\/\/artphotonics.com\/de\/produkt\/quarzglasfaserkabel-fur-uv-vis-und-vis-nir-spektralbereiche\/","og_locale":"de_DE","og_type":"article","og_title":"Quarzglasfaserkabel f\u00fcr UV-Vis und Vis-NIR Spektralbereiche - art photonics","og_description":"Eigenschaften:   Hochwertige Fasern, einschlie\u00dflich Spezialfasern mit extrem niedrigem OH-Gehalt  Gro\u00dfe Auswahl an Fasern, Steckern und Schutzm\u00e4nteln  Schnelle Lieferung f\u00fcr Standardkabel  Quarzfaserkabel sind f\u00fcr zwei Spektralbereiche UV-VIS und VIS-NIR mit verschiedenen Kabelm\u00e4nteln und Steckern auf Kundenanfrage erh\u00e4ltlich.  Art Photonics fertigt kundenspezifische Quarzfaserkabel mit einem verst\u00e4rkten Mantel, der durch einen Nylonfaden stabilisiert wird, um maximalen Schutz vor Dehnungssch\u00e4den zu gew\u00e4hrleisten, und der vom Eingang bis zum Ausgangsstecker vollst\u00e4ndig abgedichtet ist.","og_url":"https:\/\/artphotonics.com\/de\/produkt\/quarzglasfaserkabel-fur-uv-vis-und-vis-nir-spektralbereiche\/","og_site_name":"art photonics","article_modified_time":"2023-05-02T11:08:17+00:00","twitter_card":"summary_large_image","schema":{"@context":"https:\/\/schema.org","@graph":[{"@type":"WebPage","@id":"https:\/\/artphotonics.com\/de\/produkt\/quarzglasfaserkabel-fur-uv-vis-und-vis-nir-spektralbereiche\/","url":"https:\/\/artphotonics.com\/de\/produkt\/quarzglasfaserkabel-fur-uv-vis-und-vis-nir-spektralbereiche\/","name":"Quarzglasfaserkabel f\u00fcr UV-Vis und Vis-NIR Spektralbereiche - art photonics","isPartOf":{"@id":"https:\/\/artphotonics.com\/de\/#website"},"primaryImageOfPage":{"@id":"https:\/\/artphotonics.com\/de\/produkt\/quarzglasfaserkabel-fur-uv-vis-und-vis-nir-spektralbereiche\/#primaryimage"},"image":{"@id":"https:\/\/artphotonics.com\/de\/produkt\/quarzglasfaserkabel-fur-uv-vis-und-vis-nir-spektralbereiche\/#primaryimage"},"thumbnailUrl":"https:\/\/artphotonics.com\/wp-content\/uploads\/2022\/01\/UV-Vis-and-Vis-NIR_3-1n.jpg","datePublished":"2021-10-05T10:20:21+00:00","dateModified":"2023-05-02T11:08:17+00:00","breadcrumb":{"@id":"https:\/\/artphotonics.com\/de\/produkt\/quarzglasfaserkabel-fur-uv-vis-und-vis-nir-spektralbereiche\/#breadcrumb"},"inLanguage":"de","potentialAction":[{"@type":"ReadAction","target":["https:\/\/artphotonics.com\/de\/produkt\/quarzglasfaserkabel-fur-uv-vis-und-vis-nir-spektralbereiche\/"]}]},{"@type":"ImageObject","inLanguage":"de","@id":"https:\/\/artphotonics.com\/de\/produkt\/quarzglasfaserkabel-fur-uv-vis-und-vis-nir-spektralbereiche\/#primaryimage","url":"https:\/\/artphotonics.com\/wp-content\/uploads\/2022\/01\/UV-Vis-and-Vis-NIR_3-1n.jpg","contentUrl":"https:\/\/artphotonics.com\/wp-content\/uploads\/2022\/01\/UV-Vis-and-Vis-NIR_3-1n.jpg","width":957,"height":900},{"@type":"BreadcrumbList","@id":"https:\/\/artphotonics.com\/de\/produkt\/quarzglasfaserkabel-fur-uv-vis-und-vis-nir-spektralbereiche\/#breadcrumb","itemListElement":[{"@type":"ListItem","position":1,"name":"Home","item":"https:\/\/artphotonics.com\/de\/"},{"@type":"ListItem","position":2,"name":"Produkte","item":"https:\/\/artphotonics.com\/de\/produkte\/"},{"@type":"ListItem","position":3,"name":"Quarzglasfaserkabel f\u00fcr UV-Vis und Vis-NIR Spektralbereiche"}]},{"@type":"WebSite","@id":"https:\/\/artphotonics.com\/de\/#website","url":"https:\/\/artphotonics.com\/de\/","name":"art photonics","description":"Worldwide Leader in Custom Fiber Products","publisher":{"@id":"https:\/\/artphotonics.com\/de\/#organization"},"potentialAction":[{"@type":"SearchAction","target":{"@type":"EntryPoint","urlTemplate":"https:\/\/artphotonics.com\/de\/?s={search_term_string}"},"query-input":{"@type":"PropertyValueSpecification","valueRequired":true,"valueName":"search_term_string"}}],"inLanguage":"de"},{"@type":"Organization","@id":"https:\/\/artphotonics.com\/de\/#organization","name":"art photonics GmbH","url":"https:\/\/artphotonics.com\/de\/","logo":{"@type":"ImageObject","inLanguage":"de","@id":"https:\/\/artphotonics.com\/de\/#\/schema\/logo\/image\/","url":"https:\/\/artphotonics.com\/wp-content\/uploads\/2021\/03\/Art_photonics_logo_color.svg","contentUrl":"https:\/\/artphotonics.com\/wp-content\/uploads\/2021\/03\/Art_photonics_logo_color.svg","width":582,"height":148,"caption":"art photonics GmbH"},"image":{"@id":"https:\/\/artphotonics.com\/de\/#\/schema\/logo\/image\/"}}]}},"_links":{"self":[{"href":"https:\/\/artphotonics.com\/de\/wp-json\/wp\/v2\/product\/2231","targetHints":{"allow":["GET"]}}],"collection":[{"href":"https:\/\/artphotonics.com\/de\/wp-json\/wp\/v2\/product"}],"about":[{"href":"https:\/\/artphotonics.com\/de\/wp-json\/wp\/v2\/types\/product"}],"wp:featuredmedia":[{"embeddable":true,"href":"https:\/\/artphotonics.com\/de\/wp-json\/wp\/v2\/media\/2061"}],"wp:attachment":[{"href":"https:\/\/artphotonics.com\/de\/wp-json\/wp\/v2\/media?parent=2231"}],"wp:term":[{"taxonomy":"product_brand","embeddable":true,"href":"https:\/\/artphotonics.com\/de\/wp-json\/wp\/v2\/product_brand?post=2231"},{"taxonomy":"product_cat","embeddable":true,"href":"https:\/\/artphotonics.com\/de\/wp-json\/wp\/v2\/product_cat?post=2231"},{"taxonomy":"product_tag","embeddable":true,"href":"https:\/\/artphotonics.com\/de\/wp-json\/wp\/v2\/product_tag?post=2231"}],"curies":[{"name":"wp","href":"https:\/\/api.w.org\/{rel}","templated":true}]}}