{"id":2226,"date":"2021-07-06T12:22:23","date_gmt":"2021-07-06T10:22:23","guid":{"rendered":"https:\/\/artphotonics.com\/product\/2226\/"},"modified":"2023-05-02T13:11:11","modified_gmt":"2023-05-02T11:11:11","slug":"chalkogenid-mid-ir-fasern","status":"publish","type":"product","link":"https:\/\/artphotonics.com\/de\/produkt\/chalkogenid-mid-ir-fasern\/","title":{"rendered":"Chalkogenid-Mid-IR-Fasern"},"content":{"rendered":"","protected":false},"excerpt":{"rendered":"<p><strong>Eigenschaften<\/strong><strong>:<\/strong><\/p>\n<ul>\n<li>Hoher Transmissionsgrad im Bereich 1,1 - 6,5 \u03bcm<\/li>\n<li>Geringe optische Verluste von etwa 0,2 - 0,3 dB\/m bei 2,5 - 4 \u00b5m und 4,5 - 5 \u00b5m<\/li>\n<li>Kern\/Clad-Struktur mit Kerndurchmessern von 8 bis 500 \u03bcm<\/li>\n<li>Doppelte Polymerbeschichtung f\u00fcr hohe Flexibilit\u00e4t<\/li>\n<\/ul>\n<p><em>Weitere Informationen finden Sie in den unten aufgef\u00fchrten Daten und Downloads.<\/em><\/p>\n","protected":false},"featured_media":2027,"template":"","meta":[],"product_brand":[],"product_cat":[74,75],"product_tag":[79],"class_list":{"0":"post-2226","1":"product","2":"type-product","3":"status-publish","4":"has-post-thumbnail","6":"product_cat-flexiray-de","7":"product_cat-optical-fibers","8":"product_tag-mid-ir-de","10":"first","11":"instock","12":"shipping-taxable","13":"product-type-simple"},"yoast_head":"<!-- This site is optimized with the Yoast SEO plugin v26.1.1 - https:\/\/yoast.com\/wordpress\/plugins\/seo\/ -->\n<title>Chalkogenid-Mid-IR-Fasern - art photonics<\/title>\n<meta name=\"robots\" content=\"index, follow, max-snippet:-1, max-image-preview:large, max-video-preview:-1\" \/>\n<link rel=\"canonical\" href=\"https:\/\/artphotonics.com\/de\/produkt\/chalkogenid-mid-ir-fasern\/\" \/>\n<meta property=\"og:locale\" content=\"de_DE\" \/>\n<meta property=\"og:type\" content=\"article\" \/>\n<meta property=\"og:title\" content=\"Chalkogenid-Mid-IR-Fasern - art photonics\" \/>\n<meta property=\"og:description\" content=\"Eigenschaften:   Hoher Transmissionsgrad im Bereich 1,1 - 6,5 \u03bcm  Geringe optische Verluste von etwa 0,2 - 0,3 dB\/m bei 2,5 - 4 \u00b5m und 4,5 - 5 \u00b5m  Kern\/Clad-Struktur mit Kerndurchmessern von 8 bis 500 \u03bcm  Doppelte Polymerbeschichtung f\u00fcr hohe Flexibilit\u00e4t  Weitere Informationen finden Sie in den unten aufgef\u00fchrten Daten und Downloads.\" \/>\n<meta property=\"og:url\" content=\"https:\/\/artphotonics.com\/de\/produkt\/chalkogenid-mid-ir-fasern\/\" \/>\n<meta property=\"og:site_name\" content=\"art photonics\" \/>\n<meta property=\"article:modified_time\" content=\"2023-05-02T11:11:11+00:00\" \/>\n<meta name=\"twitter:card\" content=\"summary_large_image\" \/>\n<script type=\"application\/ld+json\" class=\"yoast-schema-graph\">{\"@context\":\"https:\/\/schema.org\",\"@graph\":[{\"@type\":\"WebPage\",\"@id\":\"https:\/\/artphotonics.com\/de\/produkt\/chalkogenid-mid-ir-fasern\/\",\"url\":\"https:\/\/artphotonics.com\/de\/produkt\/chalkogenid-mid-ir-fasern\/\",\"name\":\"Chalkogenid-Mid-IR-Fasern - art photonics\",\"isPartOf\":{\"@id\":\"https:\/\/artphotonics.com\/de\/#website\"},\"primaryImageOfPage\":{\"@id\":\"https:\/\/artphotonics.com\/de\/produkt\/chalkogenid-mid-ir-fasern\/#primaryimage\"},\"image\":{\"@id\":\"https:\/\/artphotonics.com\/de\/produkt\/chalkogenid-mid-ir-fasern\/#primaryimage\"},\"thumbnailUrl\":\"https:\/\/artphotonics.com\/wp-content\/uploads\/2022\/01\/CIR-Fiber-Orange.jpg\",\"datePublished\":\"2021-07-06T10:22:23+00:00\",\"dateModified\":\"2023-05-02T11:11:11+00:00\",\"breadcrumb\":{\"@id\":\"https:\/\/artphotonics.com\/de\/produkt\/chalkogenid-mid-ir-fasern\/#breadcrumb\"},\"inLanguage\":\"de\",\"potentialAction\":[{\"@type\":\"ReadAction\",\"target\":[\"https:\/\/artphotonics.com\/de\/produkt\/chalkogenid-mid-ir-fasern\/\"]}]},{\"@type\":\"ImageObject\",\"inLanguage\":\"de\",\"@id\":\"https:\/\/artphotonics.com\/de\/produkt\/chalkogenid-mid-ir-fasern\/#primaryimage\",\"url\":\"https:\/\/artphotonics.com\/wp-content\/uploads\/2022\/01\/CIR-Fiber-Orange.jpg\",\"contentUrl\":\"https:\/\/artphotonics.com\/wp-content\/uploads\/2022\/01\/CIR-Fiber-Orange.jpg\",\"width\":1200,\"height\":900},{\"@type\":\"BreadcrumbList\",\"@id\":\"https:\/\/artphotonics.com\/de\/produkt\/chalkogenid-mid-ir-fasern\/#breadcrumb\",\"itemListElement\":[{\"@type\":\"ListItem\",\"position\":1,\"name\":\"Home\",\"item\":\"https:\/\/artphotonics.com\/de\/\"},{\"@type\":\"ListItem\",\"position\":2,\"name\":\"Produkte\",\"item\":\"https:\/\/artphotonics.com\/de\/produkte\/\"},{\"@type\":\"ListItem\",\"position\":3,\"name\":\"Chalkogenid-Mid-IR-Fasern\"}]},{\"@type\":\"WebSite\",\"@id\":\"https:\/\/artphotonics.com\/de\/#website\",\"url\":\"https:\/\/artphotonics.com\/de\/\",\"name\":\"art photonics\",\"description\":\"Worldwide Leader in Custom Fiber Products\",\"publisher\":{\"@id\":\"https:\/\/artphotonics.com\/de\/#organization\"},\"potentialAction\":[{\"@type\":\"SearchAction\",\"target\":{\"@type\":\"EntryPoint\",\"urlTemplate\":\"https:\/\/artphotonics.com\/de\/?s={search_term_string}\"},\"query-input\":{\"@type\":\"PropertyValueSpecification\",\"valueRequired\":true,\"valueName\":\"search_term_string\"}}],\"inLanguage\":\"de\"},{\"@type\":\"Organization\",\"@id\":\"https:\/\/artphotonics.com\/de\/#organization\",\"name\":\"art photonics GmbH\",\"url\":\"https:\/\/artphotonics.com\/de\/\",\"logo\":{\"@type\":\"ImageObject\",\"inLanguage\":\"de\",\"@id\":\"https:\/\/artphotonics.com\/de\/#\/schema\/logo\/image\/\",\"url\":\"https:\/\/artphotonics.com\/wp-content\/uploads\/2021\/03\/Art_photonics_logo_color.svg\",\"contentUrl\":\"https:\/\/artphotonics.com\/wp-content\/uploads\/2021\/03\/Art_photonics_logo_color.svg\",\"width\":582,\"height\":148,\"caption\":\"art photonics GmbH\"},\"image\":{\"@id\":\"https:\/\/artphotonics.com\/de\/#\/schema\/logo\/image\/\"}}]}<\/script>\n<!-- \/ Yoast SEO plugin. -->","yoast_head_json":{"title":"Chalkogenid-Mid-IR-Fasern - art photonics","robots":{"index":"index","follow":"follow","max-snippet":"max-snippet:-1","max-image-preview":"max-image-preview:large","max-video-preview":"max-video-preview:-1"},"canonical":"https:\/\/artphotonics.com\/de\/produkt\/chalkogenid-mid-ir-fasern\/","og_locale":"de_DE","og_type":"article","og_title":"Chalkogenid-Mid-IR-Fasern - art photonics","og_description":"Eigenschaften:   Hoher Transmissionsgrad im Bereich 1,1 - 6,5 \u03bcm  Geringe optische Verluste von etwa 0,2 - 0,3 dB\/m bei 2,5 - 4 \u00b5m und 4,5 - 5 \u00b5m  Kern\/Clad-Struktur mit Kerndurchmessern von 8 bis 500 \u03bcm  Doppelte Polymerbeschichtung f\u00fcr hohe Flexibilit\u00e4t  Weitere Informationen finden Sie in den unten aufgef\u00fchrten Daten und Downloads.","og_url":"https:\/\/artphotonics.com\/de\/produkt\/chalkogenid-mid-ir-fasern\/","og_site_name":"art photonics","article_modified_time":"2023-05-02T11:11:11+00:00","twitter_card":"summary_large_image","schema":{"@context":"https:\/\/schema.org","@graph":[{"@type":"WebPage","@id":"https:\/\/artphotonics.com\/de\/produkt\/chalkogenid-mid-ir-fasern\/","url":"https:\/\/artphotonics.com\/de\/produkt\/chalkogenid-mid-ir-fasern\/","name":"Chalkogenid-Mid-IR-Fasern - art photonics","isPartOf":{"@id":"https:\/\/artphotonics.com\/de\/#website"},"primaryImageOfPage":{"@id":"https:\/\/artphotonics.com\/de\/produkt\/chalkogenid-mid-ir-fasern\/#primaryimage"},"image":{"@id":"https:\/\/artphotonics.com\/de\/produkt\/chalkogenid-mid-ir-fasern\/#primaryimage"},"thumbnailUrl":"https:\/\/artphotonics.com\/wp-content\/uploads\/2022\/01\/CIR-Fiber-Orange.jpg","datePublished":"2021-07-06T10:22:23+00:00","dateModified":"2023-05-02T11:11:11+00:00","breadcrumb":{"@id":"https:\/\/artphotonics.com\/de\/produkt\/chalkogenid-mid-ir-fasern\/#breadcrumb"},"inLanguage":"de","potentialAction":[{"@type":"ReadAction","target":["https:\/\/artphotonics.com\/de\/produkt\/chalkogenid-mid-ir-fasern\/"]}]},{"@type":"ImageObject","inLanguage":"de","@id":"https:\/\/artphotonics.com\/de\/produkt\/chalkogenid-mid-ir-fasern\/#primaryimage","url":"https:\/\/artphotonics.com\/wp-content\/uploads\/2022\/01\/CIR-Fiber-Orange.jpg","contentUrl":"https:\/\/artphotonics.com\/wp-content\/uploads\/2022\/01\/CIR-Fiber-Orange.jpg","width":1200,"height":900},{"@type":"BreadcrumbList","@id":"https:\/\/artphotonics.com\/de\/produkt\/chalkogenid-mid-ir-fasern\/#breadcrumb","itemListElement":[{"@type":"ListItem","position":1,"name":"Home","item":"https:\/\/artphotonics.com\/de\/"},{"@type":"ListItem","position":2,"name":"Produkte","item":"https:\/\/artphotonics.com\/de\/produkte\/"},{"@type":"ListItem","position":3,"name":"Chalkogenid-Mid-IR-Fasern"}]},{"@type":"WebSite","@id":"https:\/\/artphotonics.com\/de\/#website","url":"https:\/\/artphotonics.com\/de\/","name":"art photonics","description":"Worldwide Leader in Custom Fiber Products","publisher":{"@id":"https:\/\/artphotonics.com\/de\/#organization"},"potentialAction":[{"@type":"SearchAction","target":{"@type":"EntryPoint","urlTemplate":"https:\/\/artphotonics.com\/de\/?s={search_term_string}"},"query-input":{"@type":"PropertyValueSpecification","valueRequired":true,"valueName":"search_term_string"}}],"inLanguage":"de"},{"@type":"Organization","@id":"https:\/\/artphotonics.com\/de\/#organization","name":"art photonics GmbH","url":"https:\/\/artphotonics.com\/de\/","logo":{"@type":"ImageObject","inLanguage":"de","@id":"https:\/\/artphotonics.com\/de\/#\/schema\/logo\/image\/","url":"https:\/\/artphotonics.com\/wp-content\/uploads\/2021\/03\/Art_photonics_logo_color.svg","contentUrl":"https:\/\/artphotonics.com\/wp-content\/uploads\/2021\/03\/Art_photonics_logo_color.svg","width":582,"height":148,"caption":"art photonics GmbH"},"image":{"@id":"https:\/\/artphotonics.com\/de\/#\/schema\/logo\/image\/"}}]}},"_links":{"self":[{"href":"https:\/\/artphotonics.com\/de\/wp-json\/wp\/v2\/product\/2226","targetHints":{"allow":["GET"]}}],"collection":[{"href":"https:\/\/artphotonics.com\/de\/wp-json\/wp\/v2\/product"}],"about":[{"href":"https:\/\/artphotonics.com\/de\/wp-json\/wp\/v2\/types\/product"}],"wp:featuredmedia":[{"embeddable":true,"href":"https:\/\/artphotonics.com\/de\/wp-json\/wp\/v2\/media\/2027"}],"wp:attachment":[{"href":"https:\/\/artphotonics.com\/de\/wp-json\/wp\/v2\/media?parent=2226"}],"wp:term":[{"taxonomy":"product_brand","embeddable":true,"href":"https:\/\/artphotonics.com\/de\/wp-json\/wp\/v2\/product_brand?post=2226"},{"taxonomy":"product_cat","embeddable":true,"href":"https:\/\/artphotonics.com\/de\/wp-json\/wp\/v2\/product_cat?post=2226"},{"taxonomy":"product_tag","embeddable":true,"href":"https:\/\/artphotonics.com\/de\/wp-json\/wp\/v2\/product_tag?post=2226"}],"curies":[{"name":"wp","href":"https:\/\/api.w.org\/{rel}","templated":true}]}}